{"id":970,"date":"2025-10-27T13:23:48","date_gmt":"2025-10-27T12:23:48","guid":{"rendered":"https:\/\/kociakawiarniakrakow.pl\/lubicz\/?page_id=970"},"modified":"2025-10-27T13:26:21","modified_gmt":"2025-10-27T12:26:21","slug":"o-fundacji","status":"publish","type":"page","link":"https:\/\/kociakawiarniakrakow.pl\/lubicz\/o-fundacji\/","title":{"rendered":"O fundacji"},"content":{"rendered":"","protected":false},"excerpt":{"rendered":"","protected":false},"author":1,"featured_media":0,"parent":0,"menu_order":0,"comment_status":"closed","ping_status":"closed","template":"page-fundacja.php","meta":{"footnotes":""},"class_list":["post-970","page","type-page","status-publish","hentry"],"yoast_head":"<!-- This site is optimized with the Yoast SEO plugin v26.2 - https:\/\/yoast.com\/wordpress\/plugins\/seo\/ -->\n<title>O fundacji - &quot;Kocia Kawiarnia Kociarnia&quot; Krak\u00f3w<\/title>\n<meta name=\"robots\" content=\"index, follow, max-snippet:-1, max-image-preview:large, max-video-preview:-1\" \/>\n<link rel=\"canonical\" href=\"https:\/\/kociakawiarniakrakow.pl\/lubicz\/o-fundacji\/\" \/>\n<meta property=\"og:locale\" content=\"pl_PL\" \/>\n<meta property=\"og:type\" content=\"article\" \/>\n<meta property=\"og:title\" content=\"O fundacji - &quot;Kocia Kawiarnia Kociarnia&quot; Krak\u00f3w\" \/>\n<meta property=\"og:url\" content=\"https:\/\/kociakawiarniakrakow.pl\/lubicz\/o-fundacji\/\" \/>\n<meta property=\"og:site_name\" content=\"&quot;Kocia Kawiarnia Kociarnia&quot; Krak\u00f3w\" \/>\n<meta property=\"article:publisher\" content=\"https:\/\/www.facebook.com\/Kocia-Kawiarnia-Kociarnia-594557637354587\/\" \/>\n<meta property=\"article:modified_time\" content=\"2025-10-27T12:26:21+00:00\" \/>\n<meta name=\"twitter:card\" content=\"summary_large_image\" \/>\n<script type=\"application\/ld+json\" class=\"yoast-schema-graph\">{\"@context\":\"https:\/\/schema.org\",\"@graph\":[{\"@type\":\"WebPage\",\"@id\":\"https:\/\/kociakawiarniakrakow.pl\/lubicz\/o-fundacji\/\",\"url\":\"https:\/\/kociakawiarniakrakow.pl\/lubicz\/o-fundacji\/\",\"name\":\"O fundacji - &quot;Kocia Kawiarnia Kociarnia&quot; Krak\u00f3w\",\"isPartOf\":{\"@id\":\"https:\/\/kociakawiarniakrakow.pl\/lubicz\/#website\"},\"datePublished\":\"2025-10-27T12:23:48+00:00\",\"dateModified\":\"2025-10-27T12:26:21+00:00\",\"breadcrumb\":{\"@id\":\"https:\/\/kociakawiarniakrakow.pl\/lubicz\/o-fundacji\/#breadcrumb\"},\"inLanguage\":\"pl-PL\",\"potentialAction\":[{\"@type\":\"ReadAction\",\"target\":[\"https:\/\/kociakawiarniakrakow.pl\/lubicz\/o-fundacji\/\"]}]},{\"@type\":\"BreadcrumbList\",\"@id\":\"https:\/\/kociakawiarniakrakow.pl\/lubicz\/o-fundacji\/#breadcrumb\",\"itemListElement\":[{\"@type\":\"ListItem\",\"position\":1,\"name\":\"Strona g\u0142\u00f3wna\",\"item\":\"https:\/\/kociakawiarniakrakow.pl\/lubicz\/\"},{\"@type\":\"ListItem\",\"position\":2,\"name\":\"O fundacji\"}]},{\"@type\":\"WebSite\",\"@id\":\"https:\/\/kociakawiarniakrakow.pl\/lubicz\/#website\",\"url\":\"https:\/\/kociakawiarniakrakow.pl\/lubicz\/\",\"name\":\"&quot;Kocia Kawiarnia Kociarnia&quot; Krak\u00f3w\",\"description\":\"Pierwsza kocia kawiarnia w Polsce! Odwied\u017a nas i wypij pyszn\u0105 kaw\u0119 z kotem!\",\"publisher\":{\"@id\":\"https:\/\/kociakawiarniakrakow.pl\/lubicz\/#organization\"},\"potentialAction\":[{\"@type\":\"SearchAction\",\"target\":{\"@type\":\"EntryPoint\",\"urlTemplate\":\"https:\/\/kociakawiarniakrakow.pl\/lubicz\/?s={search_term_string}\"},\"query-input\":{\"@type\":\"PropertyValueSpecification\",\"valueRequired\":true,\"valueName\":\"search_term_string\"}}],\"inLanguage\":\"pl-PL\"},{\"@type\":\"Organization\",\"@id\":\"https:\/\/kociakawiarniakrakow.pl\/lubicz\/#organization\",\"name\":\"Kocia Kawiarnia Kociarnia\",\"url\":\"https:\/\/kociakawiarniakrakow.pl\/lubicz\/\",\"logo\":{\"@type\":\"ImageObject\",\"inLanguage\":\"pl-PL\",\"@id\":\"https:\/\/kociakawiarniakrakow.pl\/lubicz\/#\/schema\/logo\/image\/\",\"url\":\"https:\/\/kociakawiarniakrakow.pl\/lubicz\/wp-content\/uploads\/2021\/10\/cropped-cropped-logo-wybrane-wektory-1.png\",\"contentUrl\":\"https:\/\/kociakawiarniakrakow.pl\/lubicz\/wp-content\/uploads\/2021\/10\/cropped-cropped-logo-wybrane-wektory-1.png\",\"width\":2000,\"height\":1953,\"caption\":\"Kocia Kawiarnia Kociarnia\"},\"image\":{\"@id\":\"https:\/\/kociakawiarniakrakow.pl\/lubicz\/#\/schema\/logo\/image\/\"},\"sameAs\":[\"https:\/\/www.facebook.com\/Kocia-Kawiarnia-Kociarnia-594557637354587\/\"]}]}<\/script>\n<!-- \/ Yoast SEO plugin. -->","yoast_head_json":{"title":"O fundacji - &quot;Kocia Kawiarnia Kociarnia&quot; Krak\u00f3w","robots":{"index":"index","follow":"follow","max-snippet":"max-snippet:-1","max-image-preview":"max-image-preview:large","max-video-preview":"max-video-preview:-1"},"canonical":"https:\/\/kociakawiarniakrakow.pl\/lubicz\/o-fundacji\/","og_locale":"pl_PL","og_type":"article","og_title":"O fundacji - &quot;Kocia Kawiarnia Kociarnia&quot; Krak\u00f3w","og_url":"https:\/\/kociakawiarniakrakow.pl\/lubicz\/o-fundacji\/","og_site_name":"&quot;Kocia Kawiarnia Kociarnia&quot; Krak\u00f3w","article_publisher":"https:\/\/www.facebook.com\/Kocia-Kawiarnia-Kociarnia-594557637354587\/","article_modified_time":"2025-10-27T12:26:21+00:00","twitter_card":"summary_large_image","schema":{"@context":"https:\/\/schema.org","@graph":[{"@type":"WebPage","@id":"https:\/\/kociakawiarniakrakow.pl\/lubicz\/o-fundacji\/","url":"https:\/\/kociakawiarniakrakow.pl\/lubicz\/o-fundacji\/","name":"O fundacji - &quot;Kocia Kawiarnia Kociarnia&quot; Krak\u00f3w","isPartOf":{"@id":"https:\/\/kociakawiarniakrakow.pl\/lubicz\/#website"},"datePublished":"2025-10-27T12:23:48+00:00","dateModified":"2025-10-27T12:26:21+00:00","breadcrumb":{"@id":"https:\/\/kociakawiarniakrakow.pl\/lubicz\/o-fundacji\/#breadcrumb"},"inLanguage":"pl-PL","potentialAction":[{"@type":"ReadAction","target":["https:\/\/kociakawiarniakrakow.pl\/lubicz\/o-fundacji\/"]}]},{"@type":"BreadcrumbList","@id":"https:\/\/kociakawiarniakrakow.pl\/lubicz\/o-fundacji\/#breadcrumb","itemListElement":[{"@type":"ListItem","position":1,"name":"Strona g\u0142\u00f3wna","item":"https:\/\/kociakawiarniakrakow.pl\/lubicz\/"},{"@type":"ListItem","position":2,"name":"O fundacji"}]},{"@type":"WebSite","@id":"https:\/\/kociakawiarniakrakow.pl\/lubicz\/#website","url":"https:\/\/kociakawiarniakrakow.pl\/lubicz\/","name":"&quot;Kocia Kawiarnia Kociarnia&quot; Krak\u00f3w","description":"Pierwsza kocia kawiarnia w Polsce! Odwied\u017a nas i wypij pyszn\u0105 kaw\u0119 z kotem!","publisher":{"@id":"https:\/\/kociakawiarniakrakow.pl\/lubicz\/#organization"},"potentialAction":[{"@type":"SearchAction","target":{"@type":"EntryPoint","urlTemplate":"https:\/\/kociakawiarniakrakow.pl\/lubicz\/?s={search_term_string}"},"query-input":{"@type":"PropertyValueSpecification","valueRequired":true,"valueName":"search_term_string"}}],"inLanguage":"pl-PL"},{"@type":"Organization","@id":"https:\/\/kociakawiarniakrakow.pl\/lubicz\/#organization","name":"Kocia Kawiarnia Kociarnia","url":"https:\/\/kociakawiarniakrakow.pl\/lubicz\/","logo":{"@type":"ImageObject","inLanguage":"pl-PL","@id":"https:\/\/kociakawiarniakrakow.pl\/lubicz\/#\/schema\/logo\/image\/","url":"https:\/\/kociakawiarniakrakow.pl\/lubicz\/wp-content\/uploads\/2021\/10\/cropped-cropped-logo-wybrane-wektory-1.png","contentUrl":"https:\/\/kociakawiarniakrakow.pl\/lubicz\/wp-content\/uploads\/2021\/10\/cropped-cropped-logo-wybrane-wektory-1.png","width":2000,"height":1953,"caption":"Kocia Kawiarnia Kociarnia"},"image":{"@id":"https:\/\/kociakawiarniakrakow.pl\/lubicz\/#\/schema\/logo\/image\/"},"sameAs":["https:\/\/www.facebook.com\/Kocia-Kawiarnia-Kociarnia-594557637354587\/"]}]}},"_links":{"self":[{"href":"https:\/\/kociakawiarniakrakow.pl\/lubicz\/wp-json\/wp\/v2\/pages\/970","targetHints":{"allow":["GET"]}}],"collection":[{"href":"https:\/\/kociakawiarniakrakow.pl\/lubicz\/wp-json\/wp\/v2\/pages"}],"about":[{"href":"https:\/\/kociakawiarniakrakow.pl\/lubicz\/wp-json\/wp\/v2\/types\/page"}],"author":[{"embeddable":true,"href":"https:\/\/kociakawiarniakrakow.pl\/lubicz\/wp-json\/wp\/v2\/users\/1"}],"replies":[{"embeddable":true,"href":"https:\/\/kociakawiarniakrakow.pl\/lubicz\/wp-json\/wp\/v2\/comments?post=970"}],"version-history":[{"count":1,"href":"https:\/\/kociakawiarniakrakow.pl\/lubicz\/wp-json\/wp\/v2\/pages\/970\/revisions"}],"predecessor-version":[{"id":971,"href":"https:\/\/kociakawiarniakrakow.pl\/lubicz\/wp-json\/wp\/v2\/pages\/970\/revisions\/971"}],"wp:attachment":[{"href":"https:\/\/kociakawiarniakrakow.pl\/lubicz\/wp-json\/wp\/v2\/media?parent=970"}],"curies":[{"name":"wp","href":"https:\/\/api.w.org\/{rel}","templated":true}]}}