{"id":929,"date":"2021-10-27T11:12:57","date_gmt":"2021-10-27T09:12:57","guid":{"rendered":"https:\/\/kociakawiarniakrakow.pl\/lubicz\/?page_id=929"},"modified":"2021-10-27T11:22:32","modified_gmt":"2021-10-27T09:22:32","slug":"koty-2","status":"publish","type":"page","link":"https:\/\/kociakawiarniakrakow.pl\/lubicz\/koty-2\/","title":{"rendered":"OPIS KOT\u00d3W"},"content":{"rendered":"<h1>rezydenci kociej kawiarni<\/h1>\n<p>\t\t\t\t\t\t\t\t\t\t\t\t\t\t\t<img decoding=\"async\" width=\"1024\" height=\"1024\" src=\"http:\/\/kociakawiarniakrakow.pl\/lubicz\/wp-content\/uploads\/2021\/10\/20211007_095301-1-1-1024x1024.jpg\" alt=\"\" loading=\"lazy\" srcset=\"https:\/\/kociakawiarniakrakow.pl\/lubicz\/wp-content\/uploads\/2021\/10\/20211007_095301-1-1-1024x1024.jpg 1024w, https:\/\/kociakawiarniakrakow.pl\/lubicz\/wp-content\/uploads\/2021\/10\/20211007_095301-1-1-300x300.jpg 300w, https:\/\/kociakawiarniakrakow.pl\/lubicz\/wp-content\/uploads\/2021\/10\/20211007_095301-1-1-150x150.jpg 150w, https:\/\/kociakawiarniakrakow.pl\/lubicz\/wp-content\/uploads\/2021\/10\/20211007_095301-1-1-768x768.jpg 768w, https:\/\/kociakawiarniakrakow.pl\/lubicz\/wp-content\/uploads\/2021\/10\/20211007_095301-1-1-1536x1536.jpg 1536w, https:\/\/kociakawiarniakrakow.pl\/lubicz\/wp-content\/uploads\/2021\/10\/20211007_095301-1-1-2048x2048.jpg 2048w, https:\/\/kociakawiarniakrakow.pl\/lubicz\/wp-content\/uploads\/2021\/10\/20211007_095301-1-1-658x658.jpg 658w\" sizes=\"auto, (max-width: 1024px) 100vw, 1024px\" \/>\t\t\t\t\t\t\t\t\t\t\t\t\t\t\t<\/p>\n<h1>SIMBA<\/h1>\n<p style=\"text-align: center;\">Niew\u0105tpliwie najwi\u0119ksza gwiazda Kociej Kawiarni. Kiedy tylko przechadza si\u0119 po sali, s\u0142ycha\u0107 zachwyty skierowane w jego stron\u0119. Niech nie zmyli Ci\u0119 jednak jego wielko\u015b\u0107 i uderzaj\u0105ce podobie\u0144stwo do lwa! Ten rudow\u0142osy maine coon to najspokojniejsza istota pod S\u0142o\u0144cem. W ci\u0105gu dnia zwykle \u015bpi na sali wyci\u0105gni\u0119ty na kt\u00f3rym\u015b ze stolik\u00f3w lub krzese\u0142.<\/p>\n<p>SZCZ\u0118\u015aCIARA<\/p>\n<p style=\"text-align: center;\">Cho\u0107 wygl\u0105da na malutk\u0105 i m\u0142odziutk\u0105 koteczk\u0119, jest jedn\u0105 ze starszych w kawiarni. To pierwszy kot Kociej Kawiarni i najwi\u0119ksze oczko w g\u0142owie.<br \/>Posiada niezwyk\u0142e umiej\u0119tno\u015bci wspinaczkowe i akrobatyczne, kt\u00f3re ch\u0119tnie pokazuje, gdy\u017c lubi by\u0107 w centrum uwagi. Wspina si\u0119 na filary w drugiej sali i czeka, a\u017c kto\u015b do niej podejdzie. Je\u015bli widzisz j\u0105 wisz\u0105c\u0105 w taki spos\u00f3b, \u015bmia\u0142o podejd\u017a i si\u0119 do niej po prostu przytul. Uwielbia to!<\/p>\n<p>\t\t\t\t\t\t\t\t\t\t\t\t\t\t\t<img decoding=\"async\" width=\"1024\" height=\"1024\" src=\"http:\/\/kociakawiarniakrakow.pl\/lubicz\/wp-content\/uploads\/2021\/10\/20210822_103602-1024x1024.jpg\" alt=\"\" loading=\"lazy\" srcset=\"https:\/\/kociakawiarniakrakow.pl\/lubicz\/wp-content\/uploads\/2021\/10\/20210822_103602-1024x1024.jpg 1024w, https:\/\/kociakawiarniakrakow.pl\/lubicz\/wp-content\/uploads\/2021\/10\/20210822_103602-300x300.jpg 300w, https:\/\/kociakawiarniakrakow.pl\/lubicz\/wp-content\/uploads\/2021\/10\/20210822_103602-150x150.jpg 150w, https:\/\/kociakawiarniakrakow.pl\/lubicz\/wp-content\/uploads\/2021\/10\/20210822_103602-768x768.jpg 768w, https:\/\/kociakawiarniakrakow.pl\/lubicz\/wp-content\/uploads\/2021\/10\/20210822_103602-1536x1536.jpg 1536w, https:\/\/kociakawiarniakrakow.pl\/lubicz\/wp-content\/uploads\/2021\/10\/20210822_103602-2048x2048.jpg 2048w, https:\/\/kociakawiarniakrakow.pl\/lubicz\/wp-content\/uploads\/2021\/10\/20210822_103602-658x658.jpg 658w\" sizes=\"auto, (max-width: 1024px) 100vw, 1024px\" \/><br \/>\n\t\t\t\t\t\t\t\t\t\t\t\t\t\t\t<img decoding=\"async\" width=\"1024\" height=\"1024\" src=\"http:\/\/kociakawiarniakrakow.pl\/lubicz\/wp-content\/uploads\/2021\/10\/20210912_095655-1024x1024.jpg\" alt=\"\" loading=\"lazy\" srcset=\"https:\/\/kociakawiarniakrakow.pl\/lubicz\/wp-content\/uploads\/2021\/10\/20210912_095655-1024x1024.jpg 1024w, https:\/\/kociakawiarniakrakow.pl\/lubicz\/wp-content\/uploads\/2021\/10\/20210912_095655-300x300.jpg 300w, https:\/\/kociakawiarniakrakow.pl\/lubicz\/wp-content\/uploads\/2021\/10\/20210912_095655-150x150.jpg 150w, https:\/\/kociakawiarniakrakow.pl\/lubicz\/wp-content\/uploads\/2021\/10\/20210912_095655-768x768.jpg 768w, https:\/\/kociakawiarniakrakow.pl\/lubicz\/wp-content\/uploads\/2021\/10\/20210912_095655-1536x1536.jpg 1536w, https:\/\/kociakawiarniakrakow.pl\/lubicz\/wp-content\/uploads\/2021\/10\/20210912_095655-2048x2048.jpg 2048w, https:\/\/kociakawiarniakrakow.pl\/lubicz\/wp-content\/uploads\/2021\/10\/20210912_095655-658x658.jpg 658w\" sizes=\"auto, (max-width: 1024px) 100vw, 1024px\" \/>\t\t\t\t\t\t\t\t\t\t\t\t\t\t\t<\/p>\n<h1>KAJTEK I KLEMENS<\/h1>\n<p style=\"text-align: center;\">Dwa rude bli\u017aniaki zamieszkuj\u0105ce Koci\u0105 Kawiarni\u0119.<\/p>\n<p style=\"text-align: center;\">Kajtek &#8211; ca\u0142y rudy, to spokojny koteczek, kt\u00f3ry wi\u0119kszo\u015b\u0107 dnia sp\u0119dza zakamuflowany gdzie\u015b<br \/>pomi\u0119dzy ga\u0142\u0119ziami drzew lub \u015bpi\u0105cy na wysoko\u015bciach. Jak przysta\u0142o na kota, sen to jego ulubiona rozrywka, kt\u00f3r\u0105 do woli si\u0119 delektuje.<\/p>\n<p style=\"text-align: center;\">Klemens z bia\u0142ym brzuszkiem uwielbia sp\u0119dza\u0107 czas z go\u015b\u0107mi i wylegiwa\u0107 si\u0119 w ich pobli\u017cu, czy to na drapakach, czy te\u017c krzes\u0142ach.<\/p>\n<p>\t\t\t\t\t\t\t\t\t\t\t\t\t\t\t<img decoding=\"async\" width=\"1024\" height=\"1024\" src=\"http:\/\/kociakawiarniakrakow.pl\/lubicz\/wp-content\/uploads\/2021\/10\/20211011_115322-1024x1024.jpg\" alt=\"\" loading=\"lazy\" srcset=\"https:\/\/kociakawiarniakrakow.pl\/lubicz\/wp-content\/uploads\/2021\/10\/20211011_115322-1024x1024.jpg 1024w, https:\/\/kociakawiarniakrakow.pl\/lubicz\/wp-content\/uploads\/2021\/10\/20211011_115322-300x300.jpg 300w, https:\/\/kociakawiarniakrakow.pl\/lubicz\/wp-content\/uploads\/2021\/10\/20211011_115322-150x150.jpg 150w, https:\/\/kociakawiarniakrakow.pl\/lubicz\/wp-content\/uploads\/2021\/10\/20211011_115322-768x768.jpg 768w, https:\/\/kociakawiarniakrakow.pl\/lubicz\/wp-content\/uploads\/2021\/10\/20211011_115322-1536x1536.jpg 1536w, https:\/\/kociakawiarniakrakow.pl\/lubicz\/wp-content\/uploads\/2021\/10\/20211011_115322-2048x2048.jpg 2048w, https:\/\/kociakawiarniakrakow.pl\/lubicz\/wp-content\/uploads\/2021\/10\/20211011_115322-658x658.jpg 658w\" sizes=\"auto, (max-width: 1024px) 100vw, 1024px\" \/><br \/>\n\t\t\t\t\t\t\t\t\t\t\t\t\t\t\t<img decoding=\"async\" width=\"1024\" height=\"1024\" src=\"http:\/\/kociakawiarniakrakow.pl\/lubicz\/wp-content\/uploads\/2021\/10\/20210912_102742-1024x1024.jpg\" alt=\"\" loading=\"lazy\" srcset=\"https:\/\/kociakawiarniakrakow.pl\/lubicz\/wp-content\/uploads\/2021\/10\/20210912_102742-1024x1024.jpg 1024w, https:\/\/kociakawiarniakrakow.pl\/lubicz\/wp-content\/uploads\/2021\/10\/20210912_102742-300x300.jpg 300w, https:\/\/kociakawiarniakrakow.pl\/lubicz\/wp-content\/uploads\/2021\/10\/20210912_102742-150x150.jpg 150w, https:\/\/kociakawiarniakrakow.pl\/lubicz\/wp-content\/uploads\/2021\/10\/20210912_102742-768x768.jpg 768w, https:\/\/kociakawiarniakrakow.pl\/lubicz\/wp-content\/uploads\/2021\/10\/20210912_102742-1536x1536.jpg 1536w, https:\/\/kociakawiarniakrakow.pl\/lubicz\/wp-content\/uploads\/2021\/10\/20210912_102742-2048x2048.jpg 2048w, https:\/\/kociakawiarniakrakow.pl\/lubicz\/wp-content\/uploads\/2021\/10\/20210912_102742-658x658.jpg 658w\" sizes=\"auto, (max-width: 1024px) 100vw, 1024px\" \/>\t\t\t\t\t\t\t\t\t\t\t\t\t\t\t<\/p>\n<h1>PUMBA<\/h1>\n<p style=\"text-align: center;\">Radosny kot, zawsze w centrum uwagi. \u0141asy na pochwa\u0142y i komplementy na temat tego, jak bardzo jest pi\u0119kny. Puszysty \u0142owca w\u0119dek. Poluje te\u017c na gumowe pi\u0142eczki. Najwa\u017cniejsze jednak &#8211; nawet podczas polowa\u0144 &#8211; jest zachowanie klasy, by z godno\u015bci\u0105 nie straci\u0107 kontroli podczas po\u015bcigu, co jest trudne, gdy ma si\u0119 tak puchate \u0142apki.<\/p>\n<p>\t\t\t\t\t\t\t\t\t\t\t\t\t\t\t<img decoding=\"async\" width=\"1024\" height=\"1024\" src=\"http:\/\/kociakawiarniakrakow.pl\/lubicz\/wp-content\/uploads\/2021\/10\/20210904_104927-1024x1024.jpg\" alt=\"\" loading=\"lazy\" srcset=\"https:\/\/kociakawiarniakrakow.pl\/lubicz\/wp-content\/uploads\/2021\/10\/20210904_104927-1024x1024.jpg 1024w, https:\/\/kociakawiarniakrakow.pl\/lubicz\/wp-content\/uploads\/2021\/10\/20210904_104927-300x300.jpg 300w, https:\/\/kociakawiarniakrakow.pl\/lubicz\/wp-content\/uploads\/2021\/10\/20210904_104927-150x150.jpg 150w, https:\/\/kociakawiarniakrakow.pl\/lubicz\/wp-content\/uploads\/2021\/10\/20210904_104927-768x768.jpg 768w, https:\/\/kociakawiarniakrakow.pl\/lubicz\/wp-content\/uploads\/2021\/10\/20210904_104927-1536x1536.jpg 1536w, https:\/\/kociakawiarniakrakow.pl\/lubicz\/wp-content\/uploads\/2021\/10\/20210904_104927-2048x2048.jpg 2048w, https:\/\/kociakawiarniakrakow.pl\/lubicz\/wp-content\/uploads\/2021\/10\/20210904_104927-658x658.jpg 658w\" sizes=\"auto, (max-width: 1024px) 100vw, 1024px\" \/>\t\t\t\t\t\t\t\t\t\t\t\t\t\t\t<\/p>\n<p>JA\u015a I MA\u0141GOSIA<\/p>\n<p style=\"text-align: center;\">Rozbrykane i weso\u0142e, pe\u0142ne energii rodze\u0144stwo.<\/p>\n<p style=\"text-align: center;\">Ma\u0142gosi\u0119 mo\u017cna rozpozna\u0107 po rudych \u0142atkach, Jasiowi ich natomiast brakuje.<\/p>\n<p style=\"text-align: center;\">Gosia jest spokojn\u0105 koteczk\u0105, kt\u00f3ra uwielbia wskakiwa\u0107 na ramiona go\u015bci i by\u0107 w ten spos\u00f3b noszona &#8211; jak papu\u017cka. Czasami bywa natomiast p\u0142ochliwa, wi\u0119c podchod\u017a do niej spokojnie i bez po\u015bpiechu.<\/p>\n<p style=\"text-align: center;\">Jasio kocha towarzystwo go\u015bci i najch\u0119tniej by\u0142by g\u0142askany i klepany po pleckach ca\u0142y czas.<\/p>\n<p>\t\t\t\t\t\t\t\t\t\t\t\t\t\t\t<img decoding=\"async\" width=\"1024\" height=\"1024\" src=\"http:\/\/kociakawiarniakrakow.pl\/lubicz\/wp-content\/uploads\/2021\/10\/20210822_103832-1024x1024.jpg\" alt=\"\" loading=\"lazy\" srcset=\"https:\/\/kociakawiarniakrakow.pl\/lubicz\/wp-content\/uploads\/2021\/10\/20210822_103832-1024x1024.jpg 1024w, https:\/\/kociakawiarniakrakow.pl\/lubicz\/wp-content\/uploads\/2021\/10\/20210822_103832-300x300.jpg 300w, https:\/\/kociakawiarniakrakow.pl\/lubicz\/wp-content\/uploads\/2021\/10\/20210822_103832-150x150.jpg 150w, https:\/\/kociakawiarniakrakow.pl\/lubicz\/wp-content\/uploads\/2021\/10\/20210822_103832-768x768.jpg 768w, https:\/\/kociakawiarniakrakow.pl\/lubicz\/wp-content\/uploads\/2021\/10\/20210822_103832-1536x1536.jpg 1536w, https:\/\/kociakawiarniakrakow.pl\/lubicz\/wp-content\/uploads\/2021\/10\/20210822_103832-2048x2048.jpg 2048w, https:\/\/kociakawiarniakrakow.pl\/lubicz\/wp-content\/uploads\/2021\/10\/20210822_103832-658x658.jpg 658w\" sizes=\"auto, (max-width: 1024px) 100vw, 1024px\" \/><br \/>\n\t\t\t\t\t\t\t\t\t\t\t\t\t\t\t<img decoding=\"async\" width=\"1024\" height=\"1024\" src=\"http:\/\/kociakawiarniakrakow.pl\/lubicz\/wp-content\/uploads\/2021\/10\/20211011_115511-1024x1024.jpg\" alt=\"\" loading=\"lazy\" srcset=\"https:\/\/kociakawiarniakrakow.pl\/lubicz\/wp-content\/uploads\/2021\/10\/20211011_115511-1024x1024.jpg 1024w, https:\/\/kociakawiarniakrakow.pl\/lubicz\/wp-content\/uploads\/2021\/10\/20211011_115511-300x300.jpg 300w, https:\/\/kociakawiarniakrakow.pl\/lubicz\/wp-content\/uploads\/2021\/10\/20211011_115511-150x150.jpg 150w, https:\/\/kociakawiarniakrakow.pl\/lubicz\/wp-content\/uploads\/2021\/10\/20211011_115511-768x768.jpg 768w, https:\/\/kociakawiarniakrakow.pl\/lubicz\/wp-content\/uploads\/2021\/10\/20211011_115511-1536x1536.jpg 1536w, https:\/\/kociakawiarniakrakow.pl\/lubicz\/wp-content\/uploads\/2021\/10\/20211011_115511-2048x2048.jpg 2048w, https:\/\/kociakawiarniakrakow.pl\/lubicz\/wp-content\/uploads\/2021\/10\/20211011_115511-658x658.jpg 658w\" sizes=\"auto, (max-width: 1024px) 100vw, 1024px\" \/><br \/>\n\t\t\t\t\t\t\t\t\t\t\t\t\t\t\t<img decoding=\"async\" width=\"1024\" height=\"1024\" src=\"http:\/\/kociakawiarniakrakow.pl\/lubicz\/wp-content\/uploads\/2021\/10\/20210823_103646-1024x1024.jpg\" alt=\"\" loading=\"lazy\" srcset=\"https:\/\/kociakawiarniakrakow.pl\/lubicz\/wp-content\/uploads\/2021\/10\/20210823_103646-1024x1024.jpg 1024w, https:\/\/kociakawiarniakrakow.pl\/lubicz\/wp-content\/uploads\/2021\/10\/20210823_103646-300x300.jpg 300w, https:\/\/kociakawiarniakrakow.pl\/lubicz\/wp-content\/uploads\/2021\/10\/20210823_103646-150x150.jpg 150w, https:\/\/kociakawiarniakrakow.pl\/lubicz\/wp-content\/uploads\/2021\/10\/20210823_103646-768x768.jpg 768w, https:\/\/kociakawiarniakrakow.pl\/lubicz\/wp-content\/uploads\/2021\/10\/20210823_103646-1536x1536.jpg 1536w, https:\/\/kociakawiarniakrakow.pl\/lubicz\/wp-content\/uploads\/2021\/10\/20210823_103646-2048x2048.jpg 2048w, https:\/\/kociakawiarniakrakow.pl\/lubicz\/wp-content\/uploads\/2021\/10\/20210823_103646-658x658.jpg 658w\" sizes=\"auto, (max-width: 1024px) 100vw, 1024px\" \/><br \/>\n\t\t\t\t\t\t\t\t\t\t\t\t\t\t\t<img decoding=\"async\" width=\"1024\" height=\"1024\" src=\"http:\/\/kociakawiarniakrakow.pl\/lubicz\/wp-content\/uploads\/2021\/10\/20210928_111649-1024x1024.jpg\" alt=\"\" loading=\"lazy\" srcset=\"https:\/\/kociakawiarniakrakow.pl\/lubicz\/wp-content\/uploads\/2021\/10\/20210928_111649-1024x1024.jpg 1024w, https:\/\/kociakawiarniakrakow.pl\/lubicz\/wp-content\/uploads\/2021\/10\/20210928_111649-300x300.jpg 300w, https:\/\/kociakawiarniakrakow.pl\/lubicz\/wp-content\/uploads\/2021\/10\/20210928_111649-150x150.jpg 150w, https:\/\/kociakawiarniakrakow.pl\/lubicz\/wp-content\/uploads\/2021\/10\/20210928_111649-768x769.jpg 768w, https:\/\/kociakawiarniakrakow.pl\/lubicz\/wp-content\/uploads\/2021\/10\/20210928_111649-1536x1536.jpg 1536w, https:\/\/kociakawiarniakrakow.pl\/lubicz\/wp-content\/uploads\/2021\/10\/20210928_111649-2046x2048.jpg 2046w, https:\/\/kociakawiarniakrakow.pl\/lubicz\/wp-content\/uploads\/2021\/10\/20210928_111649-657x658.jpg 657w\" sizes=\"auto, (max-width: 1024px) 100vw, 1024px\" \/>\t\t\t\t\t\t\t\t\t\t\t\t\t\t\t<\/p>\n<p>B\u00d3JKA<\/p>\n<p>BAJKA<\/p>\n<p>BRAWURKA<\/p>\n<p style=\"text-align: center;\">Jedna z 3 siostrzyczek. Od Bajki odr\u00f3\u017cnisz j\u0105 po rudych plamkach, kt\u00f3re posiada m.in. na grzbiecie. Odwa\u017cna i \u015bmia\u0142a, uwielbia przebywa\u0107 w\u015br\u00f3d go\u015bci i bawi\u0107 si\u0119 z nimi w\u0119dkami. Biega za wszystkim, co budzi jej koci\u0105 ciekawo\u015b\u0107. Kiedy si\u0119 zm\u0119czy, zwykle ucina sobie drzemk\u0119 na kt\u00f3rym\u015b z drapaczk\u00f3w. Koteczki potrzebuj\u0105 jeszcze bardzo du\u017co snu, wi\u0119c staraj si\u0119 ich nie obudzi\u0107, kiedy akurat smacznie \u015bpi\u0105<br \/>i odpoczywaj\u0105.<\/p>\n<p style=\"text-align: center;\">Najbardziej spokojna ze wszystkich siostrzyczek<br \/>Atom\u00f3wek. Jest bacznym obserwatorem \u015bwiata.<br \/>Ca\u0142ymi dniami potrafi siedzie\u0107 przy oknie<br \/>i wpatrywa\u0107 si\u0119 w go\u0142\u0119bie, czy te\u017c przechadzaj\u0105cych si\u0119 spacerowicz\u00f3w. Uwielbia skaka\u0107 i biega\u0107 za wszystkim, co rusza si\u0119 wok\u00f3\u0142, a trzeba przyzna\u0107,<br \/>\u017ce robi to wyj\u0105tkowo efektownie. W jej niewielkim cia\u0142ku kryje si\u0119 niezliczona ilo\u015b\u0107 uroku i s\u0142odyczy.<\/p>\n<p style=\"text-align: center;\">Z wygl\u0105du zupe\u0142nie odmienna od pozosta\u0142ych siostrzyczek. Najbardziej rozgadana. Spr\u00f3buj tylko przesta\u0107 j\u0105 g\u0142aska\u0107, a zaraz g\u0142o\u015bno to skomentuje tak, aby\u015b powr\u00f3ci\u0142 do miziania. Uwielbia by\u0107 w centrum zainteresowania. Pieszczoty przyjmuje w ka\u017cdych<br \/>ilo\u015bciach. Co ciekawe, bardzo lubi wod\u0119 i zabawy z ni\u0105. Jak przysta\u0142o na koci\u0105tko, wsz\u0119dzie jej pe\u0142no, a jej uwadze nie umknie \u017cadna okazja do zabawy i rozrabiania.<\/p>\n","protected":false},"excerpt":{"rendered":"<p>rezydenci kociej kawiarni SIMBA Niew\u0105tpliwie najwi\u0119ksza gwiazda Kociej Kawiarni. Kiedy tylko przechadza si\u0119 po sali, s\u0142ycha\u0107 zachwyty skierowane w jego stron\u0119. Niech nie zmyli Ci\u0119 jednak jego wielko\u015b\u0107 i uderzaj\u0105ce podobie\u0144stwo do lwa! Ten rudow\u0142osy maine coon to najspokojniejsza istota pod S\u0142o\u0144cem. W ci\u0105gu dnia zwykle \u015bpi na sali wyci\u0105gni\u0119ty [&hellip;]<\/p>\n","protected":false},"author":4,"featured_media":833,"parent":0,"menu_order":0,"comment_status":"closed","ping_status":"closed","template":"elementor_canvas","meta":{"footnotes":""},"class_list":["post-929","page","type-page","status-publish","has-post-thumbnail","hentry"],"yoast_head":"<!-- This site is optimized with the Yoast SEO plugin v26.2 - https:\/\/yoast.com\/wordpress\/plugins\/seo\/ -->\n<title>OPIS KOT\u00d3W - &quot;Kocia Kawiarnia Kociarnia&quot; Krak\u00f3w<\/title>\n<meta name=\"robots\" content=\"index, follow, max-snippet:-1, max-image-preview:large, max-video-preview:-1\" \/>\n<link rel=\"canonical\" href=\"https:\/\/kociakawiarniakrakow.pl\/lubicz\/koty-2\/\" \/>\n<meta property=\"og:locale\" content=\"pl_PL\" \/>\n<meta property=\"og:type\" content=\"article\" \/>\n<meta property=\"og:title\" content=\"OPIS KOT\u00d3W - &quot;Kocia Kawiarnia Kociarnia&quot; Krak\u00f3w\" \/>\n<meta property=\"og:description\" content=\"rezydenci kociej kawiarni SIMBA Niew\u0105tpliwie najwi\u0119ksza gwiazda Kociej Kawiarni. Kiedy tylko przechadza si\u0119 po sali, s\u0142ycha\u0107 zachwyty skierowane w jego stron\u0119. Niech nie zmyli Ci\u0119 jednak jego wielko\u015b\u0107 i uderzaj\u0105ce podobie\u0144stwo do lwa! Ten rudow\u0142osy maine coon to najspokojniejsza istota pod S\u0142o\u0144cem. W ci\u0105gu dnia zwykle \u015bpi na sali wyci\u0105gni\u0119ty [&hellip;]\" \/>\n<meta property=\"og:url\" content=\"https:\/\/kociakawiarniakrakow.pl\/lubicz\/koty-2\/\" \/>\n<meta property=\"og:site_name\" content=\"&quot;Kocia Kawiarnia Kociarnia&quot; Krak\u00f3w\" \/>\n<meta property=\"article:publisher\" content=\"https:\/\/www.facebook.com\/Kocia-Kawiarnia-Kociarnia-594557637354587\/\" \/>\n<meta property=\"article:modified_time\" content=\"2021-10-27T09:22:32+00:00\" \/>\n<meta property=\"og:image\" content=\"https:\/\/kociakawiarniakrakow.pl\/lubicz\/wp-content\/uploads\/2021\/10\/logo-wybrane-wektory-1.png\" \/>\n\t<meta property=\"og:image:width\" content=\"2000\" \/>\n\t<meta property=\"og:image:height\" content=\"1953\" \/>\n\t<meta property=\"og:image:type\" content=\"image\/png\" \/>\n<meta name=\"twitter:card\" content=\"summary_large_image\" \/>\n<meta name=\"twitter:label1\" content=\"Szacowany czas czytania\" \/>\n\t<meta name=\"twitter:data1\" content=\"5 minut\" \/>\n<script type=\"application\/ld+json\" class=\"yoast-schema-graph\">{\"@context\":\"https:\/\/schema.org\",\"@graph\":[{\"@type\":\"WebPage\",\"@id\":\"https:\/\/kociakawiarniakrakow.pl\/lubicz\/koty-2\/\",\"url\":\"https:\/\/kociakawiarniakrakow.pl\/lubicz\/koty-2\/\",\"name\":\"OPIS KOT\u00d3W - &quot;Kocia Kawiarnia Kociarnia&quot; Krak\u00f3w\",\"isPartOf\":{\"@id\":\"https:\/\/kociakawiarniakrakow.pl\/lubicz\/#website\"},\"primaryImageOfPage\":{\"@id\":\"https:\/\/kociakawiarniakrakow.pl\/lubicz\/koty-2\/#primaryimage\"},\"image\":{\"@id\":\"https:\/\/kociakawiarniakrakow.pl\/lubicz\/koty-2\/#primaryimage\"},\"thumbnailUrl\":\"https:\/\/kociakawiarniakrakow.pl\/lubicz\/wp-content\/uploads\/2021\/10\/logo-wybrane-wektory-1.png\",\"datePublished\":\"2021-10-27T09:12:57+00:00\",\"dateModified\":\"2021-10-27T09:22:32+00:00\",\"breadcrumb\":{\"@id\":\"https:\/\/kociakawiarniakrakow.pl\/lubicz\/koty-2\/#breadcrumb\"},\"inLanguage\":\"pl-PL\",\"potentialAction\":[{\"@type\":\"ReadAction\",\"target\":[\"https:\/\/kociakawiarniakrakow.pl\/lubicz\/koty-2\/\"]}]},{\"@type\":\"ImageObject\",\"inLanguage\":\"pl-PL\",\"@id\":\"https:\/\/kociakawiarniakrakow.pl\/lubicz\/koty-2\/#primaryimage\",\"url\":\"https:\/\/kociakawiarniakrakow.pl\/lubicz\/wp-content\/uploads\/2021\/10\/logo-wybrane-wektory-1.png\",\"contentUrl\":\"https:\/\/kociakawiarniakrakow.pl\/lubicz\/wp-content\/uploads\/2021\/10\/logo-wybrane-wektory-1.png\",\"width\":2000,\"height\":1953},{\"@type\":\"BreadcrumbList\",\"@id\":\"https:\/\/kociakawiarniakrakow.pl\/lubicz\/koty-2\/#breadcrumb\",\"itemListElement\":[{\"@type\":\"ListItem\",\"position\":1,\"name\":\"Strona g\u0142\u00f3wna\",\"item\":\"https:\/\/kociakawiarniakrakow.pl\/lubicz\/\"},{\"@type\":\"ListItem\",\"position\":2,\"name\":\"OPIS KOT\u00d3W\"}]},{\"@type\":\"WebSite\",\"@id\":\"https:\/\/kociakawiarniakrakow.pl\/lubicz\/#website\",\"url\":\"https:\/\/kociakawiarniakrakow.pl\/lubicz\/\",\"name\":\"&quot;Kocia Kawiarnia Kociarnia&quot; Krak\u00f3w\",\"description\":\"Pierwsza kocia kawiarnia w Polsce! Odwied\u017a nas i wypij pyszn\u0105 kaw\u0119 z kotem!\",\"publisher\":{\"@id\":\"https:\/\/kociakawiarniakrakow.pl\/lubicz\/#organization\"},\"potentialAction\":[{\"@type\":\"SearchAction\",\"target\":{\"@type\":\"EntryPoint\",\"urlTemplate\":\"https:\/\/kociakawiarniakrakow.pl\/lubicz\/?s={search_term_string}\"},\"query-input\":{\"@type\":\"PropertyValueSpecification\",\"valueRequired\":true,\"valueName\":\"search_term_string\"}}],\"inLanguage\":\"pl-PL\"},{\"@type\":\"Organization\",\"@id\":\"https:\/\/kociakawiarniakrakow.pl\/lubicz\/#organization\",\"name\":\"Kocia Kawiarnia Kociarnia\",\"url\":\"https:\/\/kociakawiarniakrakow.pl\/lubicz\/\",\"logo\":{\"@type\":\"ImageObject\",\"inLanguage\":\"pl-PL\",\"@id\":\"https:\/\/kociakawiarniakrakow.pl\/lubicz\/#\/schema\/logo\/image\/\",\"url\":\"https:\/\/kociakawiarniakrakow.pl\/lubicz\/wp-content\/uploads\/2021\/10\/cropped-cropped-logo-wybrane-wektory-1.png\",\"contentUrl\":\"https:\/\/kociakawiarniakrakow.pl\/lubicz\/wp-content\/uploads\/2021\/10\/cropped-cropped-logo-wybrane-wektory-1.png\",\"width\":2000,\"height\":1953,\"caption\":\"Kocia Kawiarnia Kociarnia\"},\"image\":{\"@id\":\"https:\/\/kociakawiarniakrakow.pl\/lubicz\/#\/schema\/logo\/image\/\"},\"sameAs\":[\"https:\/\/www.facebook.com\/Kocia-Kawiarnia-Kociarnia-594557637354587\/\"]}]}<\/script>\n<!-- \/ Yoast SEO plugin. -->","yoast_head_json":{"title":"OPIS KOT\u00d3W - &quot;Kocia Kawiarnia Kociarnia&quot; Krak\u00f3w","robots":{"index":"index","follow":"follow","max-snippet":"max-snippet:-1","max-image-preview":"max-image-preview:large","max-video-preview":"max-video-preview:-1"},"canonical":"https:\/\/kociakawiarniakrakow.pl\/lubicz\/koty-2\/","og_locale":"pl_PL","og_type":"article","og_title":"OPIS KOT\u00d3W - &quot;Kocia Kawiarnia Kociarnia&quot; Krak\u00f3w","og_description":"rezydenci kociej kawiarni SIMBA Niew\u0105tpliwie najwi\u0119ksza gwiazda Kociej Kawiarni. Kiedy tylko przechadza si\u0119 po sali, s\u0142ycha\u0107 zachwyty skierowane w jego stron\u0119. Niech nie zmyli Ci\u0119 jednak jego wielko\u015b\u0107 i uderzaj\u0105ce podobie\u0144stwo do lwa! Ten rudow\u0142osy maine coon to najspokojniejsza istota pod S\u0142o\u0144cem. W ci\u0105gu dnia zwykle \u015bpi na sali wyci\u0105gni\u0119ty [&hellip;]","og_url":"https:\/\/kociakawiarniakrakow.pl\/lubicz\/koty-2\/","og_site_name":"&quot;Kocia Kawiarnia Kociarnia&quot; Krak\u00f3w","article_publisher":"https:\/\/www.facebook.com\/Kocia-Kawiarnia-Kociarnia-594557637354587\/","article_modified_time":"2021-10-27T09:22:32+00:00","og_image":[{"width":2000,"height":1953,"url":"https:\/\/kociakawiarniakrakow.pl\/lubicz\/wp-content\/uploads\/2021\/10\/logo-wybrane-wektory-1.png","type":"image\/png"}],"twitter_card":"summary_large_image","twitter_misc":{"Szacowany czas czytania":"5 minut"},"schema":{"@context":"https:\/\/schema.org","@graph":[{"@type":"WebPage","@id":"https:\/\/kociakawiarniakrakow.pl\/lubicz\/koty-2\/","url":"https:\/\/kociakawiarniakrakow.pl\/lubicz\/koty-2\/","name":"OPIS KOT\u00d3W - &quot;Kocia Kawiarnia Kociarnia&quot; Krak\u00f3w","isPartOf":{"@id":"https:\/\/kociakawiarniakrakow.pl\/lubicz\/#website"},"primaryImageOfPage":{"@id":"https:\/\/kociakawiarniakrakow.pl\/lubicz\/koty-2\/#primaryimage"},"image":{"@id":"https:\/\/kociakawiarniakrakow.pl\/lubicz\/koty-2\/#primaryimage"},"thumbnailUrl":"https:\/\/kociakawiarniakrakow.pl\/lubicz\/wp-content\/uploads\/2021\/10\/logo-wybrane-wektory-1.png","datePublished":"2021-10-27T09:12:57+00:00","dateModified":"2021-10-27T09:22:32+00:00","breadcrumb":{"@id":"https:\/\/kociakawiarniakrakow.pl\/lubicz\/koty-2\/#breadcrumb"},"inLanguage":"pl-PL","potentialAction":[{"@type":"ReadAction","target":["https:\/\/kociakawiarniakrakow.pl\/lubicz\/koty-2\/"]}]},{"@type":"ImageObject","inLanguage":"pl-PL","@id":"https:\/\/kociakawiarniakrakow.pl\/lubicz\/koty-2\/#primaryimage","url":"https:\/\/kociakawiarniakrakow.pl\/lubicz\/wp-content\/uploads\/2021\/10\/logo-wybrane-wektory-1.png","contentUrl":"https:\/\/kociakawiarniakrakow.pl\/lubicz\/wp-content\/uploads\/2021\/10\/logo-wybrane-wektory-1.png","width":2000,"height":1953},{"@type":"BreadcrumbList","@id":"https:\/\/kociakawiarniakrakow.pl\/lubicz\/koty-2\/#breadcrumb","itemListElement":[{"@type":"ListItem","position":1,"name":"Strona g\u0142\u00f3wna","item":"https:\/\/kociakawiarniakrakow.pl\/lubicz\/"},{"@type":"ListItem","position":2,"name":"OPIS KOT\u00d3W"}]},{"@type":"WebSite","@id":"https:\/\/kociakawiarniakrakow.pl\/lubicz\/#website","url":"https:\/\/kociakawiarniakrakow.pl\/lubicz\/","name":"&quot;Kocia Kawiarnia Kociarnia&quot; Krak\u00f3w","description":"Pierwsza kocia kawiarnia w Polsce! Odwied\u017a nas i wypij pyszn\u0105 kaw\u0119 z kotem!","publisher":{"@id":"https:\/\/kociakawiarniakrakow.pl\/lubicz\/#organization"},"potentialAction":[{"@type":"SearchAction","target":{"@type":"EntryPoint","urlTemplate":"https:\/\/kociakawiarniakrakow.pl\/lubicz\/?s={search_term_string}"},"query-input":{"@type":"PropertyValueSpecification","valueRequired":true,"valueName":"search_term_string"}}],"inLanguage":"pl-PL"},{"@type":"Organization","@id":"https:\/\/kociakawiarniakrakow.pl\/lubicz\/#organization","name":"Kocia Kawiarnia Kociarnia","url":"https:\/\/kociakawiarniakrakow.pl\/lubicz\/","logo":{"@type":"ImageObject","inLanguage":"pl-PL","@id":"https:\/\/kociakawiarniakrakow.pl\/lubicz\/#\/schema\/logo\/image\/","url":"https:\/\/kociakawiarniakrakow.pl\/lubicz\/wp-content\/uploads\/2021\/10\/cropped-cropped-logo-wybrane-wektory-1.png","contentUrl":"https:\/\/kociakawiarniakrakow.pl\/lubicz\/wp-content\/uploads\/2021\/10\/cropped-cropped-logo-wybrane-wektory-1.png","width":2000,"height":1953,"caption":"Kocia Kawiarnia Kociarnia"},"image":{"@id":"https:\/\/kociakawiarniakrakow.pl\/lubicz\/#\/schema\/logo\/image\/"},"sameAs":["https:\/\/www.facebook.com\/Kocia-Kawiarnia-Kociarnia-594557637354587\/"]}]}},"_links":{"self":[{"href":"https:\/\/kociakawiarniakrakow.pl\/lubicz\/wp-json\/wp\/v2\/pages\/929","targetHints":{"allow":["GET"]}}],"collection":[{"href":"https:\/\/kociakawiarniakrakow.pl\/lubicz\/wp-json\/wp\/v2\/pages"}],"about":[{"href":"https:\/\/kociakawiarniakrakow.pl\/lubicz\/wp-json\/wp\/v2\/types\/page"}],"author":[{"embeddable":true,"href":"https:\/\/kociakawiarniakrakow.pl\/lubicz\/wp-json\/wp\/v2\/users\/4"}],"replies":[{"embeddable":true,"href":"https:\/\/kociakawiarniakrakow.pl\/lubicz\/wp-json\/wp\/v2\/comments?post=929"}],"version-history":[{"count":4,"href":"https:\/\/kociakawiarniakrakow.pl\/lubicz\/wp-json\/wp\/v2\/pages\/929\/revisions"}],"predecessor-version":[{"id":934,"href":"https:\/\/kociakawiarniakrakow.pl\/lubicz\/wp-json\/wp\/v2\/pages\/929\/revisions\/934"}],"wp:featuredmedia":[{"embeddable":true,"href":"https:\/\/kociakawiarniakrakow.pl\/lubicz\/wp-json\/wp\/v2\/media\/833"}],"wp:attachment":[{"href":"https:\/\/kociakawiarniakrakow.pl\/lubicz\/wp-json\/wp\/v2\/media?parent=929"}],"curies":[{"name":"wp","href":"https:\/\/api.w.org\/{rel}","templated":true}]}}