{"id":836,"date":"2021-10-26T21:28:01","date_gmt":"2021-10-26T19:28:01","guid":{"rendered":"https:\/\/kociakawiarniakrakow.pl\/lubicz\/?page_id=836"},"modified":"2021-10-27T09:35:50","modified_gmt":"2021-10-27T07:35:50","slug":"start","status":"publish","type":"page","link":"https:\/\/kociakawiarniakrakow.pl\/lubicz\/start\/","title":{"rendered":"STRONA G\u0141OWNA"},"content":{"rendered":"<h1>KOCIA KAWIARNIA<\/h1>\n<p style=\"text-align: center;\">Witamy serdecznie w Kociarni &#8211; niezwyk\u0142ym miejscu, gdzie przechodz\u0105c przez magiczn\u0105 szaf\u0119, trafiasz do krainy relaksu, kociego pomruku szcz\u0119\u015bcia, rozmaitych \u0142akoci i beztroskiej kociej figlarno\u015bci. Rozgo\u015b\u0107 si\u0119 w naszej domowej atmosferze i zapomnij o po\u015bpiechu!<\/p>\n<p>\t\t\t\t\t\t\t\t\t\t\t\t\t\t\t<img decoding=\"async\" width=\"300\" height=\"200\" src=\"http:\/\/kociakawiarniakrakow.pl\/lubicz\/wp-content\/uploads\/2021\/10\/IMG_20211026_210719_506-300x200.jpg\" alt=\"\" loading=\"lazy\" srcset=\"https:\/\/kociakawiarniakrakow.pl\/lubicz\/wp-content\/uploads\/2021\/10\/IMG_20211026_210719_506-300x200.jpg 300w, https:\/\/kociakawiarniakrakow.pl\/lubicz\/wp-content\/uploads\/2021\/10\/IMG_20211026_210719_506.jpg 750w\" sizes=\"auto, (max-width: 300px) 100vw, 300px\" \/>\t\t\t\t\t\t\t\t\t\t\t\t\t\t\t<\/p>\n<h1>Przyjmujemy dzieci od 6 roku \u017cycia. Nie prowadzimy rezerwacji.<\/h1>\n<h3>Kawy<\/h3>\n<p>Spr\u00f3buj naszych pysznych kaw z niecodziennym latte art&#8217;em!<\/p>\n<p>\t\t\t\t\t\t\t\t\t\t\t\t\t\t\t<img decoding=\"async\" width=\"1536\" height=\"1189\" src=\"http:\/\/kociakawiarniakrakow.pl\/lubicz\/wp-content\/uploads\/2021\/10\/20210907_114506-1536x1189.jpg\" alt=\"\" loading=\"lazy\" srcset=\"https:\/\/kociakawiarniakrakow.pl\/lubicz\/wp-content\/uploads\/2021\/10\/20210907_114506-1536x1189.jpg 1536w, https:\/\/kociakawiarniakrakow.pl\/lubicz\/wp-content\/uploads\/2021\/10\/20210907_114506-300x232.jpg 300w, https:\/\/kociakawiarniakrakow.pl\/lubicz\/wp-content\/uploads\/2021\/10\/20210907_114506-1024x793.jpg 1024w, https:\/\/kociakawiarniakrakow.pl\/lubicz\/wp-content\/uploads\/2021\/10\/20210907_114506-768x594.jpg 768w, https:\/\/kociakawiarniakrakow.pl\/lubicz\/wp-content\/uploads\/2021\/10\/20210907_114506-2048x1585.jpg 2048w, https:\/\/kociakawiarniakrakow.pl\/lubicz\/wp-content\/uploads\/2021\/10\/20210907_114506-790x611.jpg 790w\" sizes=\"auto, (max-width: 1536px) 100vw, 1536px\" \/><br \/>\n\t\t\t\t\t\t\t\t\t\t\t\t\t\t\t<img decoding=\"async\" width=\"683\" height=\"683\" src=\"http:\/\/kociakawiarniakrakow.pl\/lubicz\/wp-content\/uploads\/2021\/10\/foodiesfeed.com_Your-Sunny-Side-Up-2-crop-1.jpg\" alt=\"\" loading=\"lazy\" srcset=\"https:\/\/kociakawiarniakrakow.pl\/lubicz\/wp-content\/uploads\/2021\/10\/foodiesfeed.com_Your-Sunny-Side-Up-2-crop-1.jpg 683w, https:\/\/kociakawiarniakrakow.pl\/lubicz\/wp-content\/uploads\/2021\/10\/foodiesfeed.com_Your-Sunny-Side-Up-2-crop-1-300x300.jpg 300w, https:\/\/kociakawiarniakrakow.pl\/lubicz\/wp-content\/uploads\/2021\/10\/foodiesfeed.com_Your-Sunny-Side-Up-2-crop-1-150x150.jpg 150w\" sizes=\"auto, (max-width: 683px) 100vw, 683px\" \/>\t\t\t\t\t\t\t\t\t\t\t\t\t\t\t<\/p>\n<h3>S\u0142odko\u015bci<\/h3>\n<p>Mamy tak\u017ce dla Ciebie wyj\u0105tkowe smako\u0142yki, kt\u00f3re umil\u0105 ci czas u nas!<\/p>\n<h3>Gad\u017cety<\/h3>\n<p>Czekaj\u0105 na Ciebie tak\u017ce r\u00f3\u017cnego rodzaju gad\u017cety i przedmioty z logiem naszej kawiarni!<\/p>\n<p>\t\t\t\t\t\t\t\t\t\t\t\t\t\t\t<img decoding=\"async\" width=\"2560\" height=\"2034\" src=\"http:\/\/kociakawiarniakrakow.pl\/lubicz\/wp-content\/uploads\/2021\/10\/20210917_112745-1-scaled.jpg\" alt=\"\" loading=\"lazy\" srcset=\"https:\/\/kociakawiarniakrakow.pl\/lubicz\/wp-content\/uploads\/2021\/10\/20210917_112745-1-scaled.jpg 2560w, https:\/\/kociakawiarniakrakow.pl\/lubicz\/wp-content\/uploads\/2021\/10\/20210917_112745-1-300x238.jpg 300w, https:\/\/kociakawiarniakrakow.pl\/lubicz\/wp-content\/uploads\/2021\/10\/20210917_112745-1-1024x814.jpg 1024w, https:\/\/kociakawiarniakrakow.pl\/lubicz\/wp-content\/uploads\/2021\/10\/20210917_112745-1-768x610.jpg 768w, https:\/\/kociakawiarniakrakow.pl\/lubicz\/wp-content\/uploads\/2021\/10\/20210917_112745-1-1536x1221.jpg 1536w, https:\/\/kociakawiarniakrakow.pl\/lubicz\/wp-content\/uploads\/2021\/10\/20210917_112745-1-2048x1627.jpg 2048w, https:\/\/kociakawiarniakrakow.pl\/lubicz\/wp-content\/uploads\/2021\/10\/20210917_112745-1-790x628.jpg 790w\" sizes=\"auto, (max-width: 2560px) 100vw, 2560px\" \/>\t\t\t\t\t\t\t\t\t\t\t\t\t\t\t<\/p>\n<h3>Nasze koty<\/h3>\n<p>Poznaj rezydent\u00f3w kociej kawiarni<\/p>\n<figure><img decoding=\"async\" width=\"2560\" height=\"2560\" src=\"http:\/\/kociakawiarniakrakow.pl\/lubicz\/wp-content\/uploads\/2021\/10\/20210912_095655-scaled.jpg\" alt=\"\" loading=\"lazy\" \/><\/figure>\n<h3>Kajtek<\/h3>\n<figure><img decoding=\"async\" width=\"2560\" height=\"2560\" src=\"http:\/\/kociakawiarniakrakow.pl\/lubicz\/wp-content\/uploads\/2021\/10\/20210822_103602-scaled.jpg\" alt=\"\" loading=\"lazy\" \/><\/figure>\n<h3>Szcz\u0119\u015bciara<\/h3>\n<figure><img decoding=\"async\" width=\"2560\" height=\"2560\" src=\"http:\/\/kociakawiarniakrakow.pl\/lubicz\/wp-content\/uploads\/2021\/10\/20211011_115322-scaled.jpg\" alt=\"\" loading=\"lazy\" \/><\/figure>\n<h3>Klemens<\/h3>\n<figure><img decoding=\"async\" width=\"2560\" height=\"2560\" src=\"http:\/\/kociakawiarniakrakow.pl\/lubicz\/wp-content\/uploads\/2021\/10\/20211011_115511-scaled.jpg\" alt=\"\" loading=\"lazy\" \/><\/figure>\n<h3>B\u00f3jka<\/h3>\n<figure><img decoding=\"async\" width=\"2560\" height=\"2560\" src=\"http:\/\/kociakawiarniakrakow.pl\/lubicz\/wp-content\/uploads\/2021\/10\/20211007_095301-1-1-scaled.jpg\" alt=\"\" loading=\"lazy\" \/><\/figure>\n<h3>Simba<\/h3>\n<figure><img decoding=\"async\" width=\"2560\" height=\"2560\" src=\"http:\/\/kociakawiarniakrakow.pl\/lubicz\/wp-content\/uploads\/2021\/10\/20210822_103832-scaled.jpg\" alt=\"\" loading=\"lazy\" \/><\/figure>\n<h3>Ma\u0142gosia<\/h3>\n<figure><img decoding=\"async\" width=\"2560\" height=\"2560\" src=\"http:\/\/kociakawiarniakrakow.pl\/lubicz\/wp-content\/uploads\/2021\/10\/20210823_103646-scaled.jpg\" alt=\"\" loading=\"lazy\" \/><\/figure>\n<h3>Bajka<\/h3>\n<figure><img decoding=\"async\" width=\"2284\" height=\"2284\" src=\"http:\/\/kociakawiarniakrakow.pl\/lubicz\/wp-content\/uploads\/2021\/10\/20210912_102742.jpg\" alt=\"\" loading=\"lazy\" \/><\/figure>\n<h3>Pumba<\/h3>\n<figure><img decoding=\"async\" width=\"2560\" height=\"2560\" src=\"http:\/\/kociakawiarniakrakow.pl\/lubicz\/wp-content\/uploads\/2021\/10\/20210904_104927-scaled.jpg\" alt=\"\" loading=\"lazy\" \/><\/figure>\n<h3>Ja\u015b<\/h3>\n<figure><img decoding=\"async\" width=\"2419\" height=\"2421\" src=\"http:\/\/kociakawiarniakrakow.pl\/lubicz\/wp-content\/uploads\/2021\/10\/20210928_111649.jpg\" alt=\"\" loading=\"lazy\" \/><\/figure>\n<h3>Brawurka<\/h3>\n","protected":false},"excerpt":{"rendered":"<p>KOCIA KAWIARNIA Witamy serdecznie w Kociarni &#8211; niezwyk\u0142ym miejscu, gdzie przechodz\u0105c przez magiczn\u0105 szaf\u0119, trafiasz do krainy relaksu, kociego pomruku szcz\u0119\u015bcia, rozmaitych \u0142akoci i beztroskiej kociej figlarno\u015bci. Rozgo\u015b\u0107 si\u0119 w naszej domowej atmosferze i zapomnij o po\u015bpiechu! Przyjmujemy dzieci od 6 roku \u017cycia. Nie prowadzimy rezerwacji. Kawy Spr\u00f3buj naszych pysznych [&hellip;]<\/p>\n","protected":false},"author":4,"featured_media":833,"parent":0,"menu_order":0,"comment_status":"closed","ping_status":"closed","template":"","meta":{"footnotes":""},"class_list":["post-836","page","type-page","status-publish","has-post-thumbnail","hentry"],"yoast_head":"<!-- This site is optimized with the Yoast SEO plugin v26.2 - https:\/\/yoast.com\/wordpress\/plugins\/seo\/ -->\n<title>STRONA G\u0141OWNA - &quot;Kocia Kawiarnia Kociarnia&quot; Krak\u00f3w<\/title>\n<meta name=\"robots\" content=\"index, follow, max-snippet:-1, max-image-preview:large, max-video-preview:-1\" \/>\n<link rel=\"canonical\" href=\"https:\/\/kociakawiarniakrakow.pl\/lubicz\/start\/\" \/>\n<meta property=\"og:locale\" content=\"pl_PL\" \/>\n<meta property=\"og:type\" content=\"article\" \/>\n<meta property=\"og:title\" content=\"STRONA G\u0141OWNA - &quot;Kocia Kawiarnia Kociarnia&quot; Krak\u00f3w\" \/>\n<meta property=\"og:description\" content=\"KOCIA KAWIARNIA Witamy serdecznie w Kociarni &#8211; niezwyk\u0142ym miejscu, gdzie przechodz\u0105c przez magiczn\u0105 szaf\u0119, trafiasz do krainy relaksu, kociego pomruku szcz\u0119\u015bcia, rozmaitych \u0142akoci i beztroskiej kociej figlarno\u015bci. Rozgo\u015b\u0107 si\u0119 w naszej domowej atmosferze i zapomnij o po\u015bpiechu! Przyjmujemy dzieci od 6 roku \u017cycia. Nie prowadzimy rezerwacji. Kawy Spr\u00f3buj naszych pysznych [&hellip;]\" \/>\n<meta property=\"og:url\" content=\"https:\/\/kociakawiarniakrakow.pl\/lubicz\/start\/\" \/>\n<meta property=\"og:site_name\" content=\"&quot;Kocia Kawiarnia Kociarnia&quot; Krak\u00f3w\" \/>\n<meta property=\"article:publisher\" content=\"https:\/\/www.facebook.com\/Kocia-Kawiarnia-Kociarnia-594557637354587\/\" \/>\n<meta property=\"article:modified_time\" content=\"2021-10-27T07:35:50+00:00\" \/>\n<meta property=\"og:image\" content=\"https:\/\/kociakawiarniakrakow.pl\/lubicz\/wp-content\/uploads\/2021\/10\/logo-wybrane-wektory-1.png\" \/>\n\t<meta property=\"og:image:width\" content=\"2000\" \/>\n\t<meta property=\"og:image:height\" content=\"1953\" \/>\n\t<meta property=\"og:image:type\" content=\"image\/png\" \/>\n<meta name=\"twitter:card\" content=\"summary_large_image\" \/>\n<meta name=\"twitter:label1\" content=\"Szacowany czas czytania\" \/>\n\t<meta name=\"twitter:data1\" content=\"4 minuty\" \/>\n<script type=\"application\/ld+json\" class=\"yoast-schema-graph\">{\"@context\":\"https:\/\/schema.org\",\"@graph\":[{\"@type\":\"WebPage\",\"@id\":\"https:\/\/kociakawiarniakrakow.pl\/lubicz\/start\/\",\"url\":\"https:\/\/kociakawiarniakrakow.pl\/lubicz\/start\/\",\"name\":\"STRONA G\u0141OWNA - &quot;Kocia Kawiarnia Kociarnia&quot; Krak\u00f3w\",\"isPartOf\":{\"@id\":\"https:\/\/kociakawiarniakrakow.pl\/lubicz\/#website\"},\"primaryImageOfPage\":{\"@id\":\"https:\/\/kociakawiarniakrakow.pl\/lubicz\/start\/#primaryimage\"},\"image\":{\"@id\":\"https:\/\/kociakawiarniakrakow.pl\/lubicz\/start\/#primaryimage\"},\"thumbnailUrl\":\"https:\/\/kociakawiarniakrakow.pl\/lubicz\/wp-content\/uploads\/2021\/10\/logo-wybrane-wektory-1.png\",\"datePublished\":\"2021-10-26T19:28:01+00:00\",\"dateModified\":\"2021-10-27T07:35:50+00:00\",\"breadcrumb\":{\"@id\":\"https:\/\/kociakawiarniakrakow.pl\/lubicz\/start\/#breadcrumb\"},\"inLanguage\":\"pl-PL\",\"potentialAction\":[{\"@type\":\"ReadAction\",\"target\":[\"https:\/\/kociakawiarniakrakow.pl\/lubicz\/start\/\"]}]},{\"@type\":\"ImageObject\",\"inLanguage\":\"pl-PL\",\"@id\":\"https:\/\/kociakawiarniakrakow.pl\/lubicz\/start\/#primaryimage\",\"url\":\"https:\/\/kociakawiarniakrakow.pl\/lubicz\/wp-content\/uploads\/2021\/10\/logo-wybrane-wektory-1.png\",\"contentUrl\":\"https:\/\/kociakawiarniakrakow.pl\/lubicz\/wp-content\/uploads\/2021\/10\/logo-wybrane-wektory-1.png\",\"width\":2000,\"height\":1953},{\"@type\":\"BreadcrumbList\",\"@id\":\"https:\/\/kociakawiarniakrakow.pl\/lubicz\/start\/#breadcrumb\",\"itemListElement\":[{\"@type\":\"ListItem\",\"position\":1,\"name\":\"Strona g\u0142\u00f3wna\",\"item\":\"https:\/\/kociakawiarniakrakow.pl\/lubicz\/\"},{\"@type\":\"ListItem\",\"position\":2,\"name\":\"STRONA G\u0141OWNA\"}]},{\"@type\":\"WebSite\",\"@id\":\"https:\/\/kociakawiarniakrakow.pl\/lubicz\/#website\",\"url\":\"https:\/\/kociakawiarniakrakow.pl\/lubicz\/\",\"name\":\"&quot;Kocia Kawiarnia Kociarnia&quot; Krak\u00f3w\",\"description\":\"Pierwsza kocia kawiarnia w Polsce! Odwied\u017a nas i wypij pyszn\u0105 kaw\u0119 z kotem!\",\"publisher\":{\"@id\":\"https:\/\/kociakawiarniakrakow.pl\/lubicz\/#organization\"},\"potentialAction\":[{\"@type\":\"SearchAction\",\"target\":{\"@type\":\"EntryPoint\",\"urlTemplate\":\"https:\/\/kociakawiarniakrakow.pl\/lubicz\/?s={search_term_string}\"},\"query-input\":{\"@type\":\"PropertyValueSpecification\",\"valueRequired\":true,\"valueName\":\"search_term_string\"}}],\"inLanguage\":\"pl-PL\"},{\"@type\":\"Organization\",\"@id\":\"https:\/\/kociakawiarniakrakow.pl\/lubicz\/#organization\",\"name\":\"Kocia Kawiarnia Kociarnia\",\"url\":\"https:\/\/kociakawiarniakrakow.pl\/lubicz\/\",\"logo\":{\"@type\":\"ImageObject\",\"inLanguage\":\"pl-PL\",\"@id\":\"https:\/\/kociakawiarniakrakow.pl\/lubicz\/#\/schema\/logo\/image\/\",\"url\":\"https:\/\/kociakawiarniakrakow.pl\/lubicz\/wp-content\/uploads\/2021\/10\/cropped-cropped-logo-wybrane-wektory-1.png\",\"contentUrl\":\"https:\/\/kociakawiarniakrakow.pl\/lubicz\/wp-content\/uploads\/2021\/10\/cropped-cropped-logo-wybrane-wektory-1.png\",\"width\":2000,\"height\":1953,\"caption\":\"Kocia Kawiarnia Kociarnia\"},\"image\":{\"@id\":\"https:\/\/kociakawiarniakrakow.pl\/lubicz\/#\/schema\/logo\/image\/\"},\"sameAs\":[\"https:\/\/www.facebook.com\/Kocia-Kawiarnia-Kociarnia-594557637354587\/\"]}]}<\/script>\n<!-- \/ Yoast SEO plugin. -->","yoast_head_json":{"title":"STRONA G\u0141OWNA - &quot;Kocia Kawiarnia Kociarnia&quot; Krak\u00f3w","robots":{"index":"index","follow":"follow","max-snippet":"max-snippet:-1","max-image-preview":"max-image-preview:large","max-video-preview":"max-video-preview:-1"},"canonical":"https:\/\/kociakawiarniakrakow.pl\/lubicz\/start\/","og_locale":"pl_PL","og_type":"article","og_title":"STRONA G\u0141OWNA - &quot;Kocia Kawiarnia Kociarnia&quot; Krak\u00f3w","og_description":"KOCIA KAWIARNIA Witamy serdecznie w Kociarni &#8211; niezwyk\u0142ym miejscu, gdzie przechodz\u0105c przez magiczn\u0105 szaf\u0119, trafiasz do krainy relaksu, kociego pomruku szcz\u0119\u015bcia, rozmaitych \u0142akoci i beztroskiej kociej figlarno\u015bci. Rozgo\u015b\u0107 si\u0119 w naszej domowej atmosferze i zapomnij o po\u015bpiechu! Przyjmujemy dzieci od 6 roku \u017cycia. Nie prowadzimy rezerwacji. Kawy Spr\u00f3buj naszych pysznych [&hellip;]","og_url":"https:\/\/kociakawiarniakrakow.pl\/lubicz\/start\/","og_site_name":"&quot;Kocia Kawiarnia Kociarnia&quot; Krak\u00f3w","article_publisher":"https:\/\/www.facebook.com\/Kocia-Kawiarnia-Kociarnia-594557637354587\/","article_modified_time":"2021-10-27T07:35:50+00:00","og_image":[{"width":2000,"height":1953,"url":"https:\/\/kociakawiarniakrakow.pl\/lubicz\/wp-content\/uploads\/2021\/10\/logo-wybrane-wektory-1.png","type":"image\/png"}],"twitter_card":"summary_large_image","twitter_misc":{"Szacowany czas czytania":"4 minuty"},"schema":{"@context":"https:\/\/schema.org","@graph":[{"@type":"WebPage","@id":"https:\/\/kociakawiarniakrakow.pl\/lubicz\/start\/","url":"https:\/\/kociakawiarniakrakow.pl\/lubicz\/start\/","name":"STRONA G\u0141OWNA - &quot;Kocia Kawiarnia Kociarnia&quot; Krak\u00f3w","isPartOf":{"@id":"https:\/\/kociakawiarniakrakow.pl\/lubicz\/#website"},"primaryImageOfPage":{"@id":"https:\/\/kociakawiarniakrakow.pl\/lubicz\/start\/#primaryimage"},"image":{"@id":"https:\/\/kociakawiarniakrakow.pl\/lubicz\/start\/#primaryimage"},"thumbnailUrl":"https:\/\/kociakawiarniakrakow.pl\/lubicz\/wp-content\/uploads\/2021\/10\/logo-wybrane-wektory-1.png","datePublished":"2021-10-26T19:28:01+00:00","dateModified":"2021-10-27T07:35:50+00:00","breadcrumb":{"@id":"https:\/\/kociakawiarniakrakow.pl\/lubicz\/start\/#breadcrumb"},"inLanguage":"pl-PL","potentialAction":[{"@type":"ReadAction","target":["https:\/\/kociakawiarniakrakow.pl\/lubicz\/start\/"]}]},{"@type":"ImageObject","inLanguage":"pl-PL","@id":"https:\/\/kociakawiarniakrakow.pl\/lubicz\/start\/#primaryimage","url":"https:\/\/kociakawiarniakrakow.pl\/lubicz\/wp-content\/uploads\/2021\/10\/logo-wybrane-wektory-1.png","contentUrl":"https:\/\/kociakawiarniakrakow.pl\/lubicz\/wp-content\/uploads\/2021\/10\/logo-wybrane-wektory-1.png","width":2000,"height":1953},{"@type":"BreadcrumbList","@id":"https:\/\/kociakawiarniakrakow.pl\/lubicz\/start\/#breadcrumb","itemListElement":[{"@type":"ListItem","position":1,"name":"Strona g\u0142\u00f3wna","item":"https:\/\/kociakawiarniakrakow.pl\/lubicz\/"},{"@type":"ListItem","position":2,"name":"STRONA G\u0141OWNA"}]},{"@type":"WebSite","@id":"https:\/\/kociakawiarniakrakow.pl\/lubicz\/#website","url":"https:\/\/kociakawiarniakrakow.pl\/lubicz\/","name":"&quot;Kocia Kawiarnia Kociarnia&quot; Krak\u00f3w","description":"Pierwsza kocia kawiarnia w Polsce! Odwied\u017a nas i wypij pyszn\u0105 kaw\u0119 z kotem!","publisher":{"@id":"https:\/\/kociakawiarniakrakow.pl\/lubicz\/#organization"},"potentialAction":[{"@type":"SearchAction","target":{"@type":"EntryPoint","urlTemplate":"https:\/\/kociakawiarniakrakow.pl\/lubicz\/?s={search_term_string}"},"query-input":{"@type":"PropertyValueSpecification","valueRequired":true,"valueName":"search_term_string"}}],"inLanguage":"pl-PL"},{"@type":"Organization","@id":"https:\/\/kociakawiarniakrakow.pl\/lubicz\/#organization","name":"Kocia Kawiarnia Kociarnia","url":"https:\/\/kociakawiarniakrakow.pl\/lubicz\/","logo":{"@type":"ImageObject","inLanguage":"pl-PL","@id":"https:\/\/kociakawiarniakrakow.pl\/lubicz\/#\/schema\/logo\/image\/","url":"https:\/\/kociakawiarniakrakow.pl\/lubicz\/wp-content\/uploads\/2021\/10\/cropped-cropped-logo-wybrane-wektory-1.png","contentUrl":"https:\/\/kociakawiarniakrakow.pl\/lubicz\/wp-content\/uploads\/2021\/10\/cropped-cropped-logo-wybrane-wektory-1.png","width":2000,"height":1953,"caption":"Kocia Kawiarnia Kociarnia"},"image":{"@id":"https:\/\/kociakawiarniakrakow.pl\/lubicz\/#\/schema\/logo\/image\/"},"sameAs":["https:\/\/www.facebook.com\/Kocia-Kawiarnia-Kociarnia-594557637354587\/"]}]}},"_links":{"self":[{"href":"https:\/\/kociakawiarniakrakow.pl\/lubicz\/wp-json\/wp\/v2\/pages\/836","targetHints":{"allow":["GET"]}}],"collection":[{"href":"https:\/\/kociakawiarniakrakow.pl\/lubicz\/wp-json\/wp\/v2\/pages"}],"about":[{"href":"https:\/\/kociakawiarniakrakow.pl\/lubicz\/wp-json\/wp\/v2\/types\/page"}],"author":[{"embeddable":true,"href":"https:\/\/kociakawiarniakrakow.pl\/lubicz\/wp-json\/wp\/v2\/users\/4"}],"replies":[{"embeddable":true,"href":"https:\/\/kociakawiarniakrakow.pl\/lubicz\/wp-json\/wp\/v2\/comments?post=836"}],"version-history":[{"count":9,"href":"https:\/\/kociakawiarniakrakow.pl\/lubicz\/wp-json\/wp\/v2\/pages\/836\/revisions"}],"predecessor-version":[{"id":968,"href":"https:\/\/kociakawiarniakrakow.pl\/lubicz\/wp-json\/wp\/v2\/pages\/836\/revisions\/968"}],"wp:featuredmedia":[{"embeddable":true,"href":"https:\/\/kociakawiarniakrakow.pl\/lubicz\/wp-json\/wp\/v2\/media\/833"}],"wp:attachment":[{"href":"https:\/\/kociakawiarniakrakow.pl\/lubicz\/wp-json\/wp\/v2\/media?parent=836"}],"curies":[{"name":"wp","href":"https:\/\/api.w.org\/{rel}","templated":true}]}}