{"id":56,"date":"2015-07-05T22:20:23","date_gmt":"2015-07-05T20:20:23","guid":{"rendered":"http:\/\/kociakawiarniakrakow.pl\/lubicz\/?page_id=56"},"modified":"2015-08-20T22:08:01","modified_gmt":"2015-08-20T20:08:01","slug":"fundacja","status":"publish","type":"page","link":"https:\/\/kociakawiarniakrakow.pl\/lubicz\/fundacja\/","title":{"rendered":"Fundacja &#8222;Kocia Akademia&#8221;"},"content":{"rendered":"<div class=\"col-md-4\"><img loading=\"lazy\" decoding=\"async\" class=\"col-md-12 alignnone size-medium wp-image-113\" style=\"margin-bottom: 20px;\" src=\"http:\/\/kociakawiarniakrakow.pl\/lubicz\/wp-content\/uploads\/2015\/07\/logo-fundacja-255x300.jpg\" alt=\"logo fundacja\" width=\"255\" height=\"300\" \/><br \/>\nFundacja Kocia Akademia<br \/>\n31-158 Krak\u00f3w<br \/>\nul. lubicz 48<br \/>\nKRS 0000559038<br \/>\nRegon 361570887<br \/>\nNIP 8311633817<br \/>\nkonto ING Bank \u015al\u0105ski S.A. rachunek PL 37 1050 1461 1000 0090 3061 5646<\/div>\n<div class=\"col-md-8\">\n<h4><strong>\u00a0O fundacji<\/strong><\/h4>\n<p>Fundacja Kocia Akademia\u00a0 opiekuje si\u0119 mi\u0119dzy innymi kotami mieszkaj\u0105cymi w Kociej Kawiarnia Kociarni w Krakowie przy ul. Krowoderskiej 48Celem fundacji jest<\/p>\n<ol>\n<li>Edukacja i upowszechnianie wiedzy o zwierz\u0119tach, w szczeg\u00f3lno\u015bci kotach, edukacja co do potrzeb zwierz\u0105t \u017cyj\u0105cych z lud\u017ami, wspieranie i organizowanie opieki tymczasowej dla zwierz\u0105t bezdomnych oraz organizowanie adopcji zwierz\u0105t, edukowanie spo\u0142ecze\u0144stwa, w szczeg\u00f3lno\u015bci dzieci i m\u0142odzie\u017cy w kierunku idei szacunki i opieki nad zwierz\u0119tami , a tak\u017ce propagowanie w\u015br\u00f3d spo\u0142ecze\u0144stwa idei ochrony \u015brodowiska przyrodniczego.<\/li>\n<\/ol>\n<p>Cz\u0119\u015b\u0107 Naszych kot\u00f3w posiada dom \u2013 Koci\u0105 Kawiarni\u0119 Kociarni\u0119 mieszcz\u0105c\u0105 si\u0119 w Krakowie przy ulicy Krowoderskiej 48.\u00a0 Wi\u0119kszo\u015b\u0107 kot\u00f3w trafiaj\u0105cych pod opiek\u0119 fundacji b\u0119dzie kotami do adopcji. Nie wszystkie koty s\u0105 w stanie zaklimatyzowa\u0107 si\u0119 w Kociarni, w\u00f3wczas trafiaj\u0105 do naszych dom\u00f3w tymczasowych. Wszystkie koty fundacji przechodz\u0105 minimum dwutygodniow\u0105 kwarantann\u0119 w gabinecie weterynaryjnym gdzie maja robione wszystkie potrzebne testy, badania, zabiegi i konieczne leczenie. Ka\u017cdy z naszych podopiecznych ma za\u0142o\u017con\u0105 ksi\u0105\u017ceczk\u0119 i wszczepiony czip identyfikacyjny.<\/p>\n<p><strong><a href=\"http:\/\/kociakawiarniakrakow.pl\/lubicz\/wp-content\/uploads\/2015\/07\/statut.pdf\">Zobacz ca\u0142y statut fundacji<\/a><\/strong><\/p>\n<\/div>\n<p>&nbsp;<\/p>\n<p>Koty trafiaj\u0105ce pod opiek\u0119 Fundacji pochodz\u0105 z r\u00f3\u017cnych miejsc.<\/p>\n<p>Od os\u00f3b prywatnych, kt\u00f3re nie mog\u0105 si\u0119 ju\u017c nimi zajmowa\u0107, koty &#8222;od\u0142owione&#8221; kt\u00f3rych nie chc\u0105 dalej akceptowa\u0107 ludzie na ich terenie i znajduj\u0105 schronienie w Fundacji by nie trafi\u0107 do schroniska.<\/p>\n<p>Cz\u0119\u015b\u0107 kot\u00f3w pochodzi z Eko Fundacji &#8222;Mam kota na punkcie psa&#8221; z Bielska Bia\u0142ej z kt\u00f3r\u0105 wsp\u00f3\u0142pracujemy.<\/p>\n<p>Ka\u017cdy kot trafiaj\u0105cy pod opiek\u0119 Fundacji jest kierowany na minimum 14 dniow\u0105 kwarantann\u0119 do gabinetu weterynaryjnego, gdzie przechodz\u0105 badania:<\/p>\n<ul>\n<li>Felv\/ Fiv ( kocia bia\u0142aczka i koci AIDS<\/li>\n<li>podstawowe badanie krwi( nerki, w\u0105troba,morfologia)<\/li>\n<li>odpchlenie ka\u017cdego kota przy przyjmowaniu oraz<\/li>\n<li>odrobaczania ca\u0142ego stada w 7 dniu kwarantanny,<\/li>\n<li>konieczne szczepienia po 14 dniu kwarantanny<\/li>\n<\/ul>\n<p>W przypadku problem\u00f3w zdrowotnch, wykonywane s\u0105 kolejne bandania np. antybiogram i w\u0142\u0105czane jest stosowne leczenie kota a w ci\u0119\u017ckich przypadkach przeprowadzane s\u0105 zabiegi operacyjne.<\/p>\n<p>Przeprowadzenie zabiegu sterylizacji b\u0105d\u017a kastracji<\/p>\n","protected":false},"excerpt":{"rendered":"<p>Fundacja Kocia Akademia 31-158 Krak\u00f3w ul. lubicz 48 KRS 0000559038 Regon 361570887 NIP 8311633817 konto ING Bank \u015al\u0105ski S.A. rachunek PL 37 1050 1461 1000 0090 3061 5646 \u00a0O fundacji Fundacja Kocia Akademia\u00a0 opiekuje si\u0119 mi\u0119dzy innymi kotami mieszkaj\u0105cymi w Kociej Kawiarnia Kociarni w Krakowie przy ul. Krowoderskiej 48Celem fundacji [&hellip;]<\/p>\n","protected":false},"author":1,"featured_media":0,"parent":0,"menu_order":0,"comment_status":"open","ping_status":"open","template":"","meta":{"footnotes":""},"class_list":["post-56","page","type-page","status-publish","hentry"],"yoast_head":"<!-- This site is optimized with the Yoast SEO plugin v26.2 - https:\/\/yoast.com\/wordpress\/plugins\/seo\/ -->\n<title>Fundacja &quot;Kocia Akademia&quot; - &quot;Kocia Kawiarnia Kociarnia&quot; Krak\u00f3w<\/title>\n<meta name=\"robots\" content=\"index, follow, max-snippet:-1, max-image-preview:large, max-video-preview:-1\" \/>\n<link rel=\"canonical\" href=\"https:\/\/kociakawiarniakrakow.pl\/lubicz\/fundacja\/\" \/>\n<meta property=\"og:locale\" content=\"pl_PL\" \/>\n<meta property=\"og:type\" content=\"article\" \/>\n<meta property=\"og:title\" content=\"Fundacja &quot;Kocia Akademia&quot; - &quot;Kocia Kawiarnia Kociarnia&quot; Krak\u00f3w\" \/>\n<meta property=\"og:description\" content=\"Fundacja Kocia Akademia 31-158 Krak\u00f3w ul. lubicz 48 KRS 0000559038 Regon 361570887 NIP 8311633817 konto ING Bank \u015al\u0105ski S.A. rachunek PL 37 1050 1461 1000 0090 3061 5646 \u00a0O fundacji Fundacja Kocia Akademia\u00a0 opiekuje si\u0119 mi\u0119dzy innymi kotami mieszkaj\u0105cymi w Kociej Kawiarnia Kociarni w Krakowie przy ul. Krowoderskiej 48Celem fundacji [&hellip;]\" \/>\n<meta property=\"og:url\" content=\"https:\/\/kociakawiarniakrakow.pl\/lubicz\/fundacja\/\" \/>\n<meta property=\"og:site_name\" content=\"&quot;Kocia Kawiarnia Kociarnia&quot; Krak\u00f3w\" \/>\n<meta property=\"article:publisher\" content=\"https:\/\/www.facebook.com\/Kocia-Kawiarnia-Kociarnia-594557637354587\/\" \/>\n<meta property=\"article:modified_time\" content=\"2015-08-20T20:08:01+00:00\" \/>\n<meta property=\"og:image\" content=\"http:\/\/kociakawiarniakrakow.pl\/lubicz\/wp-content\/uploads\/2015\/07\/logo-fundacja-255x300.jpg\" \/>\n<meta name=\"twitter:card\" content=\"summary_large_image\" \/>\n<meta name=\"twitter:label1\" content=\"Szacowany czas czytania\" \/>\n\t<meta name=\"twitter:data1\" content=\"2 minuty\" \/>\n<script type=\"application\/ld+json\" class=\"yoast-schema-graph\">{\"@context\":\"https:\/\/schema.org\",\"@graph\":[{\"@type\":\"WebPage\",\"@id\":\"https:\/\/kociakawiarniakrakow.pl\/lubicz\/fundacja\/\",\"url\":\"https:\/\/kociakawiarniakrakow.pl\/lubicz\/fundacja\/\",\"name\":\"Fundacja \\\"Kocia Akademia\\\" - &quot;Kocia Kawiarnia Kociarnia&quot; Krak\u00f3w\",\"isPartOf\":{\"@id\":\"https:\/\/kociakawiarniakrakow.pl\/lubicz\/#website\"},\"primaryImageOfPage\":{\"@id\":\"https:\/\/kociakawiarniakrakow.pl\/lubicz\/fundacja\/#primaryimage\"},\"image\":{\"@id\":\"https:\/\/kociakawiarniakrakow.pl\/lubicz\/fundacja\/#primaryimage\"},\"thumbnailUrl\":\"http:\/\/kociakawiarniakrakow.pl\/lubicz\/wp-content\/uploads\/2015\/07\/logo-fundacja-255x300.jpg\",\"datePublished\":\"2015-07-05T20:20:23+00:00\",\"dateModified\":\"2015-08-20T20:08:01+00:00\",\"breadcrumb\":{\"@id\":\"https:\/\/kociakawiarniakrakow.pl\/lubicz\/fundacja\/#breadcrumb\"},\"inLanguage\":\"pl-PL\",\"potentialAction\":[{\"@type\":\"ReadAction\",\"target\":[\"https:\/\/kociakawiarniakrakow.pl\/lubicz\/fundacja\/\"]}]},{\"@type\":\"ImageObject\",\"inLanguage\":\"pl-PL\",\"@id\":\"https:\/\/kociakawiarniakrakow.pl\/lubicz\/fundacja\/#primaryimage\",\"url\":\"http:\/\/kociakawiarniakrakow.pl\/lubicz\/wp-content\/uploads\/2015\/07\/logo-fundacja-255x300.jpg\",\"contentUrl\":\"http:\/\/kociakawiarniakrakow.pl\/lubicz\/wp-content\/uploads\/2015\/07\/logo-fundacja-255x300.jpg\"},{\"@type\":\"BreadcrumbList\",\"@id\":\"https:\/\/kociakawiarniakrakow.pl\/lubicz\/fundacja\/#breadcrumb\",\"itemListElement\":[{\"@type\":\"ListItem\",\"position\":1,\"name\":\"Strona g\u0142\u00f3wna\",\"item\":\"https:\/\/kociakawiarniakrakow.pl\/lubicz\/\"},{\"@type\":\"ListItem\",\"position\":2,\"name\":\"Fundacja &#8222;Kocia Akademia&#8221;\"}]},{\"@type\":\"WebSite\",\"@id\":\"https:\/\/kociakawiarniakrakow.pl\/lubicz\/#website\",\"url\":\"https:\/\/kociakawiarniakrakow.pl\/lubicz\/\",\"name\":\"&quot;Kocia Kawiarnia Kociarnia&quot; Krak\u00f3w\",\"description\":\"Pierwsza kocia kawiarnia w Polsce! Odwied\u017a nas i wypij pyszn\u0105 kaw\u0119 z kotem!\",\"publisher\":{\"@id\":\"https:\/\/kociakawiarniakrakow.pl\/lubicz\/#organization\"},\"potentialAction\":[{\"@type\":\"SearchAction\",\"target\":{\"@type\":\"EntryPoint\",\"urlTemplate\":\"https:\/\/kociakawiarniakrakow.pl\/lubicz\/?s={search_term_string}\"},\"query-input\":{\"@type\":\"PropertyValueSpecification\",\"valueRequired\":true,\"valueName\":\"search_term_string\"}}],\"inLanguage\":\"pl-PL\"},{\"@type\":\"Organization\",\"@id\":\"https:\/\/kociakawiarniakrakow.pl\/lubicz\/#organization\",\"name\":\"Kocia Kawiarnia Kociarnia\",\"url\":\"https:\/\/kociakawiarniakrakow.pl\/lubicz\/\",\"logo\":{\"@type\":\"ImageObject\",\"inLanguage\":\"pl-PL\",\"@id\":\"https:\/\/kociakawiarniakrakow.pl\/lubicz\/#\/schema\/logo\/image\/\",\"url\":\"https:\/\/kociakawiarniakrakow.pl\/lubicz\/wp-content\/uploads\/2021\/10\/cropped-cropped-logo-wybrane-wektory-1.png\",\"contentUrl\":\"https:\/\/kociakawiarniakrakow.pl\/lubicz\/wp-content\/uploads\/2021\/10\/cropped-cropped-logo-wybrane-wektory-1.png\",\"width\":2000,\"height\":1953,\"caption\":\"Kocia Kawiarnia Kociarnia\"},\"image\":{\"@id\":\"https:\/\/kociakawiarniakrakow.pl\/lubicz\/#\/schema\/logo\/image\/\"},\"sameAs\":[\"https:\/\/www.facebook.com\/Kocia-Kawiarnia-Kociarnia-594557637354587\/\"]}]}<\/script>\n<!-- \/ Yoast SEO plugin. -->","yoast_head_json":{"title":"Fundacja \"Kocia Akademia\" - &quot;Kocia Kawiarnia Kociarnia&quot; Krak\u00f3w","robots":{"index":"index","follow":"follow","max-snippet":"max-snippet:-1","max-image-preview":"max-image-preview:large","max-video-preview":"max-video-preview:-1"},"canonical":"https:\/\/kociakawiarniakrakow.pl\/lubicz\/fundacja\/","og_locale":"pl_PL","og_type":"article","og_title":"Fundacja \"Kocia Akademia\" - &quot;Kocia Kawiarnia Kociarnia&quot; Krak\u00f3w","og_description":"Fundacja Kocia Akademia 31-158 Krak\u00f3w ul. lubicz 48 KRS 0000559038 Regon 361570887 NIP 8311633817 konto ING Bank \u015al\u0105ski S.A. rachunek PL 37 1050 1461 1000 0090 3061 5646 \u00a0O fundacji Fundacja Kocia Akademia\u00a0 opiekuje si\u0119 mi\u0119dzy innymi kotami mieszkaj\u0105cymi w Kociej Kawiarnia Kociarni w Krakowie przy ul. Krowoderskiej 48Celem fundacji [&hellip;]","og_url":"https:\/\/kociakawiarniakrakow.pl\/lubicz\/fundacja\/","og_site_name":"&quot;Kocia Kawiarnia Kociarnia&quot; Krak\u00f3w","article_publisher":"https:\/\/www.facebook.com\/Kocia-Kawiarnia-Kociarnia-594557637354587\/","article_modified_time":"2015-08-20T20:08:01+00:00","og_image":[{"url":"http:\/\/kociakawiarniakrakow.pl\/lubicz\/wp-content\/uploads\/2015\/07\/logo-fundacja-255x300.jpg","type":"","width":"","height":""}],"twitter_card":"summary_large_image","twitter_misc":{"Szacowany czas czytania":"2 minuty"},"schema":{"@context":"https:\/\/schema.org","@graph":[{"@type":"WebPage","@id":"https:\/\/kociakawiarniakrakow.pl\/lubicz\/fundacja\/","url":"https:\/\/kociakawiarniakrakow.pl\/lubicz\/fundacja\/","name":"Fundacja \"Kocia Akademia\" - &quot;Kocia Kawiarnia Kociarnia&quot; Krak\u00f3w","isPartOf":{"@id":"https:\/\/kociakawiarniakrakow.pl\/lubicz\/#website"},"primaryImageOfPage":{"@id":"https:\/\/kociakawiarniakrakow.pl\/lubicz\/fundacja\/#primaryimage"},"image":{"@id":"https:\/\/kociakawiarniakrakow.pl\/lubicz\/fundacja\/#primaryimage"},"thumbnailUrl":"http:\/\/kociakawiarniakrakow.pl\/lubicz\/wp-content\/uploads\/2015\/07\/logo-fundacja-255x300.jpg","datePublished":"2015-07-05T20:20:23+00:00","dateModified":"2015-08-20T20:08:01+00:00","breadcrumb":{"@id":"https:\/\/kociakawiarniakrakow.pl\/lubicz\/fundacja\/#breadcrumb"},"inLanguage":"pl-PL","potentialAction":[{"@type":"ReadAction","target":["https:\/\/kociakawiarniakrakow.pl\/lubicz\/fundacja\/"]}]},{"@type":"ImageObject","inLanguage":"pl-PL","@id":"https:\/\/kociakawiarniakrakow.pl\/lubicz\/fundacja\/#primaryimage","url":"http:\/\/kociakawiarniakrakow.pl\/lubicz\/wp-content\/uploads\/2015\/07\/logo-fundacja-255x300.jpg","contentUrl":"http:\/\/kociakawiarniakrakow.pl\/lubicz\/wp-content\/uploads\/2015\/07\/logo-fundacja-255x300.jpg"},{"@type":"BreadcrumbList","@id":"https:\/\/kociakawiarniakrakow.pl\/lubicz\/fundacja\/#breadcrumb","itemListElement":[{"@type":"ListItem","position":1,"name":"Strona g\u0142\u00f3wna","item":"https:\/\/kociakawiarniakrakow.pl\/lubicz\/"},{"@type":"ListItem","position":2,"name":"Fundacja &#8222;Kocia Akademia&#8221;"}]},{"@type":"WebSite","@id":"https:\/\/kociakawiarniakrakow.pl\/lubicz\/#website","url":"https:\/\/kociakawiarniakrakow.pl\/lubicz\/","name":"&quot;Kocia Kawiarnia Kociarnia&quot; Krak\u00f3w","description":"Pierwsza kocia kawiarnia w Polsce! Odwied\u017a nas i wypij pyszn\u0105 kaw\u0119 z kotem!","publisher":{"@id":"https:\/\/kociakawiarniakrakow.pl\/lubicz\/#organization"},"potentialAction":[{"@type":"SearchAction","target":{"@type":"EntryPoint","urlTemplate":"https:\/\/kociakawiarniakrakow.pl\/lubicz\/?s={search_term_string}"},"query-input":{"@type":"PropertyValueSpecification","valueRequired":true,"valueName":"search_term_string"}}],"inLanguage":"pl-PL"},{"@type":"Organization","@id":"https:\/\/kociakawiarniakrakow.pl\/lubicz\/#organization","name":"Kocia Kawiarnia Kociarnia","url":"https:\/\/kociakawiarniakrakow.pl\/lubicz\/","logo":{"@type":"ImageObject","inLanguage":"pl-PL","@id":"https:\/\/kociakawiarniakrakow.pl\/lubicz\/#\/schema\/logo\/image\/","url":"https:\/\/kociakawiarniakrakow.pl\/lubicz\/wp-content\/uploads\/2021\/10\/cropped-cropped-logo-wybrane-wektory-1.png","contentUrl":"https:\/\/kociakawiarniakrakow.pl\/lubicz\/wp-content\/uploads\/2021\/10\/cropped-cropped-logo-wybrane-wektory-1.png","width":2000,"height":1953,"caption":"Kocia Kawiarnia Kociarnia"},"image":{"@id":"https:\/\/kociakawiarniakrakow.pl\/lubicz\/#\/schema\/logo\/image\/"},"sameAs":["https:\/\/www.facebook.com\/Kocia-Kawiarnia-Kociarnia-594557637354587\/"]}]}},"_links":{"self":[{"href":"https:\/\/kociakawiarniakrakow.pl\/lubicz\/wp-json\/wp\/v2\/pages\/56","targetHints":{"allow":["GET"]}}],"collection":[{"href":"https:\/\/kociakawiarniakrakow.pl\/lubicz\/wp-json\/wp\/v2\/pages"}],"about":[{"href":"https:\/\/kociakawiarniakrakow.pl\/lubicz\/wp-json\/wp\/v2\/types\/page"}],"author":[{"embeddable":true,"href":"https:\/\/kociakawiarniakrakow.pl\/lubicz\/wp-json\/wp\/v2\/users\/1"}],"replies":[{"embeddable":true,"href":"https:\/\/kociakawiarniakrakow.pl\/lubicz\/wp-json\/wp\/v2\/comments?post=56"}],"version-history":[{"count":0,"href":"https:\/\/kociakawiarniakrakow.pl\/lubicz\/wp-json\/wp\/v2\/pages\/56\/revisions"}],"wp:attachment":[{"href":"https:\/\/kociakawiarniakrakow.pl\/lubicz\/wp-json\/wp\/v2\/media?parent=56"}],"curies":[{"name":"wp","href":"https:\/\/api.w.org\/{rel}","templated":true}]}}