{"id":54,"date":"2015-07-05T22:19:59","date_gmt":"2015-07-05T20:19:59","guid":{"rendered":"http:\/\/kociakawiarniakrakow.pl\/lubicz\/?page_id=54"},"modified":"2026-02-24T21:11:17","modified_gmt":"2026-02-24T20:11:17","slug":"kontakt","status":"publish","type":"page","link":"https:\/\/kociakawiarniakrakow.pl\/lubicz\/kontakt\/","title":{"rendered":"Kontakt"},"content":{"rendered":"<div class=\"wpb-content-wrapper\"><p>[vc_row][vc_column][vc_column_text css=&#8221;&#8221;]<\/p>\n<div class=\"col-md-4\"><strong>Skontaktuj si\u0119 z nasz\u0105 kawiarni\u0105<\/strong><br \/>\n\n<div class=\"wpcf7 no-js\" id=\"wpcf7-f64-o1\" lang=\"pl-PL\" dir=\"ltr\" data-wpcf7-id=\"64\">\n<div class=\"screen-reader-response\"><p role=\"status\" aria-live=\"polite\" aria-atomic=\"true\"><\/p> <ul><\/ul><\/div>\n<form action=\"\/lubicz\/wp-json\/wp\/v2\/pages\/54#wpcf7-f64-o1\" method=\"post\" class=\"wpcf7-form init\" aria-label=\"Formularz kontaktowy\" novalidate=\"novalidate\" data-status=\"init\">\n<fieldset class=\"hidden-fields-container\"><input type=\"hidden\" name=\"_wpcf7\" value=\"64\" \/><input type=\"hidden\" name=\"_wpcf7_version\" value=\"6.1.2\" \/><input type=\"hidden\" name=\"_wpcf7_locale\" value=\"pl_PL\" \/><input type=\"hidden\" name=\"_wpcf7_unit_tag\" value=\"wpcf7-f64-o1\" \/><input type=\"hidden\" name=\"_wpcf7_container_post\" value=\"0\" \/><input type=\"hidden\" name=\"_wpcf7_posted_data_hash\" value=\"\" \/>\n<\/fieldset>\n<p>Imi\u0119 i nazwisko (wymagane)\n<\/p>\n<p><span class=\"wpcf7-form-control-wrap\" data-name=\"your-name\"><input size=\"40\" maxlength=\"400\" class=\"wpcf7-form-control wpcf7-text wpcf7-validates-as-required\" aria-required=\"true\" aria-invalid=\"false\" value=\"\" type=\"text\" name=\"your-name\" \/><\/span>\n<\/p>\n<p>Adres email (wymagane)\n<\/p>\n<p><span class=\"wpcf7-form-control-wrap\" data-name=\"your-email\"><input size=\"40\" maxlength=\"400\" class=\"wpcf7-form-control wpcf7-email wpcf7-validates-as-required wpcf7-text wpcf7-validates-as-email\" aria-required=\"true\" aria-invalid=\"false\" value=\"\" type=\"email\" name=\"your-email\" \/><\/span>\n<\/p>\n<p>Temat\n<\/p>\n<p><span class=\"wpcf7-form-control-wrap\" data-name=\"your-subject\"><input size=\"40\" maxlength=\"400\" class=\"wpcf7-form-control wpcf7-text\" aria-invalid=\"false\" value=\"\" type=\"text\" name=\"your-subject\" \/><\/span>\n<\/p>\n<p>Tre\u015b\u0107 wiadomo\u015bci\n<\/p>\n<p><span class=\"wpcf7-form-control-wrap\" data-name=\"your-message\"><textarea cols=\"40\" rows=\"10\" maxlength=\"2000\" class=\"wpcf7-form-control wpcf7-textarea\" aria-invalid=\"false\" name=\"your-message\"><\/textarea><\/span>\n<\/p>\n<p><input class=\"wpcf7-form-control wpcf7-submit has-spinner\" type=\"submit\" value=\"Wy\u015blij\" \/>\n<\/p><div class=\"wpcf7-response-output\" aria-hidden=\"true\"><\/div>\n<\/form>\n<\/div>\n<\/div>\n<div class=\"col-md-4\"><strong>Kocia Kawiarnia KOCIARNIA <\/strong><br \/>\nul. Lubicz 1, 31-033 Krak\u00f3w<br \/>\nul. Karmelicka 10, 33-332 Krak\u00f3w<\/div>\n<div class=\"col-md-4\"><strong>Informacje: <\/strong><br \/>\ntel. 795 277 060<br \/>\ne-mail: biuro@kociakawiarnia.pl<\/div>\n<p><iframe loading=\"lazy\" style=\"border: 0; margin-top: 15px;\" src=\"https:\/\/www.google.com\/maps\/embed?pb=!1m18!1m12!1m3!1d2561.1692988682134!2d19.943084315824258!3d50.0643909794239!2m3!1f0!2f0!3f0!3m2!1i1024!2i768!4f13.1!3m3!1m2!1s0x47165b1092f3b6b7%3A0xc702cdb4078fba26!2sLubicz+1%2C+Krak%C3%B3w!5e0!3m2!1spl!2spl!4v1499248826922\" width=\"600\" height=\"450\" frameborder=\"0\" allowfullscreen=\"allowfullscreen\"><\/iframe>[\/vc_column_text][\/vc_column][\/vc_row]<\/p>\n<\/div>","protected":false},"excerpt":{"rendered":"<p>[vc_row][vc_column][vc_column_text css=&#8221;&#8221;] Skontaktuj si\u0119 z nasz\u0105 kawiarni\u0105 Kocia Kawiarnia KOCIARNIA ul. Lubicz 1, 31-033 Krak\u00f3w ul. Karmelicka 10, 33-332 Krak\u00f3w Informacje: tel. 795 277 060 e-mail: biuro@kociakawiarnia.pl [\/vc_column_text][\/vc_column][\/vc_row]<\/p>\n","protected":false},"author":1,"featured_media":0,"parent":0,"menu_order":0,"comment_status":"open","ping_status":"open","template":"","meta":{"footnotes":""},"class_list":["post-54","page","type-page","status-publish","hentry"],"yoast_head":"<!-- This site is optimized with the Yoast SEO plugin v26.2 - https:\/\/yoast.com\/wordpress\/plugins\/seo\/ -->\n<title>Kontakt - &quot;Kocia Kawiarnia Kociarnia&quot; Krak\u00f3w<\/title>\n<meta name=\"robots\" content=\"index, follow, max-snippet:-1, max-image-preview:large, max-video-preview:-1\" \/>\n<link rel=\"canonical\" href=\"https:\/\/kociakawiarniakrakow.pl\/lubicz\/kontakt\/\" \/>\n<meta property=\"og:locale\" content=\"pl_PL\" \/>\n<meta property=\"og:type\" content=\"article\" \/>\n<meta property=\"og:title\" content=\"Kontakt - &quot;Kocia Kawiarnia Kociarnia&quot; Krak\u00f3w\" \/>\n<meta property=\"og:description\" content=\"[vc_row][vc_column][vc_column_text css=&#8221;&#8221;] Skontaktuj si\u0119 z nasz\u0105 kawiarni\u0105 Kocia Kawiarnia KOCIARNIA ul. Lubicz 1, 31-033 Krak\u00f3w ul. Karmelicka 10, 33-332 Krak\u00f3w Informacje: tel. 795 277 060 e-mail: biuro@kociakawiarnia.pl [\/vc_column_text][\/vc_column][\/vc_row]\" \/>\n<meta property=\"og:url\" content=\"https:\/\/kociakawiarniakrakow.pl\/lubicz\/kontakt\/\" \/>\n<meta property=\"og:site_name\" content=\"&quot;Kocia Kawiarnia Kociarnia&quot; Krak\u00f3w\" \/>\n<meta property=\"article:publisher\" content=\"https:\/\/www.facebook.com\/Kocia-Kawiarnia-Kociarnia-594557637354587\/\" \/>\n<meta property=\"article:modified_time\" content=\"2026-02-24T20:11:17+00:00\" \/>\n<meta name=\"twitter:card\" content=\"summary_large_image\" \/>\n<meta name=\"twitter:label1\" content=\"Szacowany czas czytania\" \/>\n\t<meta name=\"twitter:data1\" content=\"1 minuta\" \/>\n<script type=\"application\/ld+json\" class=\"yoast-schema-graph\">{\"@context\":\"https:\/\/schema.org\",\"@graph\":[{\"@type\":\"WebPage\",\"@id\":\"https:\/\/kociakawiarniakrakow.pl\/lubicz\/kontakt\/\",\"url\":\"https:\/\/kociakawiarniakrakow.pl\/lubicz\/kontakt\/\",\"name\":\"Kontakt - &quot;Kocia Kawiarnia Kociarnia&quot; Krak\u00f3w\",\"isPartOf\":{\"@id\":\"https:\/\/kociakawiarniakrakow.pl\/lubicz\/#website\"},\"datePublished\":\"2015-07-05T20:19:59+00:00\",\"dateModified\":\"2026-02-24T20:11:17+00:00\",\"breadcrumb\":{\"@id\":\"https:\/\/kociakawiarniakrakow.pl\/lubicz\/kontakt\/#breadcrumb\"},\"inLanguage\":\"pl-PL\",\"potentialAction\":[{\"@type\":\"ReadAction\",\"target\":[\"https:\/\/kociakawiarniakrakow.pl\/lubicz\/kontakt\/\"]}]},{\"@type\":\"BreadcrumbList\",\"@id\":\"https:\/\/kociakawiarniakrakow.pl\/lubicz\/kontakt\/#breadcrumb\",\"itemListElement\":[{\"@type\":\"ListItem\",\"position\":1,\"name\":\"Strona g\u0142\u00f3wna\",\"item\":\"https:\/\/kociakawiarniakrakow.pl\/lubicz\/\"},{\"@type\":\"ListItem\",\"position\":2,\"name\":\"Kontakt\"}]},{\"@type\":\"WebSite\",\"@id\":\"https:\/\/kociakawiarniakrakow.pl\/lubicz\/#website\",\"url\":\"https:\/\/kociakawiarniakrakow.pl\/lubicz\/\",\"name\":\"&quot;Kocia Kawiarnia Kociarnia&quot; Krak\u00f3w\",\"description\":\"Pierwsza kocia kawiarnia w Polsce! Odwied\u017a nas i wypij pyszn\u0105 kaw\u0119 z kotem!\",\"publisher\":{\"@id\":\"https:\/\/kociakawiarniakrakow.pl\/lubicz\/#organization\"},\"potentialAction\":[{\"@type\":\"SearchAction\",\"target\":{\"@type\":\"EntryPoint\",\"urlTemplate\":\"https:\/\/kociakawiarniakrakow.pl\/lubicz\/?s={search_term_string}\"},\"query-input\":{\"@type\":\"PropertyValueSpecification\",\"valueRequired\":true,\"valueName\":\"search_term_string\"}}],\"inLanguage\":\"pl-PL\"},{\"@type\":\"Organization\",\"@id\":\"https:\/\/kociakawiarniakrakow.pl\/lubicz\/#organization\",\"name\":\"Kocia Kawiarnia Kociarnia\",\"url\":\"https:\/\/kociakawiarniakrakow.pl\/lubicz\/\",\"logo\":{\"@type\":\"ImageObject\",\"inLanguage\":\"pl-PL\",\"@id\":\"https:\/\/kociakawiarniakrakow.pl\/lubicz\/#\/schema\/logo\/image\/\",\"url\":\"https:\/\/kociakawiarniakrakow.pl\/lubicz\/wp-content\/uploads\/2021\/10\/cropped-cropped-logo-wybrane-wektory-1.png\",\"contentUrl\":\"https:\/\/kociakawiarniakrakow.pl\/lubicz\/wp-content\/uploads\/2021\/10\/cropped-cropped-logo-wybrane-wektory-1.png\",\"width\":2000,\"height\":1953,\"caption\":\"Kocia Kawiarnia Kociarnia\"},\"image\":{\"@id\":\"https:\/\/kociakawiarniakrakow.pl\/lubicz\/#\/schema\/logo\/image\/\"},\"sameAs\":[\"https:\/\/www.facebook.com\/Kocia-Kawiarnia-Kociarnia-594557637354587\/\"]}]}<\/script>\n<!-- \/ Yoast SEO plugin. -->","yoast_head_json":{"title":"Kontakt - &quot;Kocia Kawiarnia Kociarnia&quot; Krak\u00f3w","robots":{"index":"index","follow":"follow","max-snippet":"max-snippet:-1","max-image-preview":"max-image-preview:large","max-video-preview":"max-video-preview:-1"},"canonical":"https:\/\/kociakawiarniakrakow.pl\/lubicz\/kontakt\/","og_locale":"pl_PL","og_type":"article","og_title":"Kontakt - &quot;Kocia Kawiarnia Kociarnia&quot; Krak\u00f3w","og_description":"[vc_row][vc_column][vc_column_text css=&#8221;&#8221;] Skontaktuj si\u0119 z nasz\u0105 kawiarni\u0105 Kocia Kawiarnia KOCIARNIA ul. Lubicz 1, 31-033 Krak\u00f3w ul. Karmelicka 10, 33-332 Krak\u00f3w Informacje: tel. 795 277 060 e-mail: biuro@kociakawiarnia.pl [\/vc_column_text][\/vc_column][\/vc_row]","og_url":"https:\/\/kociakawiarniakrakow.pl\/lubicz\/kontakt\/","og_site_name":"&quot;Kocia Kawiarnia Kociarnia&quot; Krak\u00f3w","article_publisher":"https:\/\/www.facebook.com\/Kocia-Kawiarnia-Kociarnia-594557637354587\/","article_modified_time":"2026-02-24T20:11:17+00:00","twitter_card":"summary_large_image","twitter_misc":{"Szacowany czas czytania":"1 minuta"},"schema":{"@context":"https:\/\/schema.org","@graph":[{"@type":"WebPage","@id":"https:\/\/kociakawiarniakrakow.pl\/lubicz\/kontakt\/","url":"https:\/\/kociakawiarniakrakow.pl\/lubicz\/kontakt\/","name":"Kontakt - &quot;Kocia Kawiarnia Kociarnia&quot; Krak\u00f3w","isPartOf":{"@id":"https:\/\/kociakawiarniakrakow.pl\/lubicz\/#website"},"datePublished":"2015-07-05T20:19:59+00:00","dateModified":"2026-02-24T20:11:17+00:00","breadcrumb":{"@id":"https:\/\/kociakawiarniakrakow.pl\/lubicz\/kontakt\/#breadcrumb"},"inLanguage":"pl-PL","potentialAction":[{"@type":"ReadAction","target":["https:\/\/kociakawiarniakrakow.pl\/lubicz\/kontakt\/"]}]},{"@type":"BreadcrumbList","@id":"https:\/\/kociakawiarniakrakow.pl\/lubicz\/kontakt\/#breadcrumb","itemListElement":[{"@type":"ListItem","position":1,"name":"Strona g\u0142\u00f3wna","item":"https:\/\/kociakawiarniakrakow.pl\/lubicz\/"},{"@type":"ListItem","position":2,"name":"Kontakt"}]},{"@type":"WebSite","@id":"https:\/\/kociakawiarniakrakow.pl\/lubicz\/#website","url":"https:\/\/kociakawiarniakrakow.pl\/lubicz\/","name":"&quot;Kocia Kawiarnia Kociarnia&quot; Krak\u00f3w","description":"Pierwsza kocia kawiarnia w Polsce! Odwied\u017a nas i wypij pyszn\u0105 kaw\u0119 z kotem!","publisher":{"@id":"https:\/\/kociakawiarniakrakow.pl\/lubicz\/#organization"},"potentialAction":[{"@type":"SearchAction","target":{"@type":"EntryPoint","urlTemplate":"https:\/\/kociakawiarniakrakow.pl\/lubicz\/?s={search_term_string}"},"query-input":{"@type":"PropertyValueSpecification","valueRequired":true,"valueName":"search_term_string"}}],"inLanguage":"pl-PL"},{"@type":"Organization","@id":"https:\/\/kociakawiarniakrakow.pl\/lubicz\/#organization","name":"Kocia Kawiarnia Kociarnia","url":"https:\/\/kociakawiarniakrakow.pl\/lubicz\/","logo":{"@type":"ImageObject","inLanguage":"pl-PL","@id":"https:\/\/kociakawiarniakrakow.pl\/lubicz\/#\/schema\/logo\/image\/","url":"https:\/\/kociakawiarniakrakow.pl\/lubicz\/wp-content\/uploads\/2021\/10\/cropped-cropped-logo-wybrane-wektory-1.png","contentUrl":"https:\/\/kociakawiarniakrakow.pl\/lubicz\/wp-content\/uploads\/2021\/10\/cropped-cropped-logo-wybrane-wektory-1.png","width":2000,"height":1953,"caption":"Kocia Kawiarnia Kociarnia"},"image":{"@id":"https:\/\/kociakawiarniakrakow.pl\/lubicz\/#\/schema\/logo\/image\/"},"sameAs":["https:\/\/www.facebook.com\/Kocia-Kawiarnia-Kociarnia-594557637354587\/"]}]}},"_links":{"self":[{"href":"https:\/\/kociakawiarniakrakow.pl\/lubicz\/wp-json\/wp\/v2\/pages\/54","targetHints":{"allow":["GET"]}}],"collection":[{"href":"https:\/\/kociakawiarniakrakow.pl\/lubicz\/wp-json\/wp\/v2\/pages"}],"about":[{"href":"https:\/\/kociakawiarniakrakow.pl\/lubicz\/wp-json\/wp\/v2\/types\/page"}],"author":[{"embeddable":true,"href":"https:\/\/kociakawiarniakrakow.pl\/lubicz\/wp-json\/wp\/v2\/users\/1"}],"replies":[{"embeddable":true,"href":"https:\/\/kociakawiarniakrakow.pl\/lubicz\/wp-json\/wp\/v2\/comments?post=54"}],"version-history":[{"count":3,"href":"https:\/\/kociakawiarniakrakow.pl\/lubicz\/wp-json\/wp\/v2\/pages\/54\/revisions"}],"predecessor-version":[{"id":979,"href":"https:\/\/kociakawiarniakrakow.pl\/lubicz\/wp-json\/wp\/v2\/pages\/54\/revisions\/979"}],"wp:attachment":[{"href":"https:\/\/kociakawiarniakrakow.pl\/lubicz\/wp-json\/wp\/v2\/media?parent=54"}],"curies":[{"name":"wp","href":"https:\/\/api.w.org\/{rel}","templated":true}]}}