{"id":142,"date":"2015-07-12T20:24:04","date_gmt":"2015-07-12T18:24:04","guid":{"rendered":"http:\/\/kociakawiarniakrakow.pl\/lubicz\/?page_id=142"},"modified":"2015-07-12T21:07:36","modified_gmt":"2015-07-12T19:07:36","slug":"regulamin","status":"publish","type":"page","link":"https:\/\/kociakawiarniakrakow.pl\/lubicz\/regulamin\/","title":{"rendered":"REGULAMIN"},"content":{"rendered":"<ol>\n<li>Lubie, gdy mnie g\u0142aszczesz czystymi r\u0119kami &#8211; umyj r\u0119ce p\u0142ynem antybakteryjnym.<\/li>\n<li>Odwie\u015b sw\u00f3j p\u0142aszcz na wieszak, bo lubi\u0119 zaznacza\u0107 sw\u00f3j teren.<\/li>\n<li>Wiem, \u017ce jestem gwiazd\u0105, ale nie lubi\u0119 b\u0142ysku fleszy &#8211; nie u\u017cywaj lampy b\u0142yskowej.<\/li>\n<li>Czasem lubi\u0119 poby\u0107 sam, nie wyci\u0105gaj mnie z budki.<\/li>\n<li>Twoje kolana mog\u0105 sta\u0107 si\u0119 moim legowiskiem.<\/li>\n<li>Nie obra\u017a si\u0119, gdy zrobi\u0119 z Ciebie drapak.<\/li>\n<li>Chodz\u0119 swoimi \u015bcie\u017ckami &#8211; nie no\u015b mnie na r\u0119kach.<\/li>\n<li>Kot nie barista &#8211; zamknij za sob\u0105 drzwi.<\/li>\n<li>Wolontariusz wie o mnie wszystko.<\/li>\n<li>Jedzenia mam pod dostatkiem,ale moi koledzy ze schroniska nie, mo\u017cesz im pom\u00f3c dorzucaj\u0105c si\u0119 do puszki.<\/li>\n<li>Nie jadam mi\u0119dzy posi\u0142kami, wi\u0119c nie ku\u015b mnie smako\u0142ykami &#8211; zostaw wolontariuszowi, on b\u0119dzie wiedzia\u0142, co z tym zrobi\u0107.<\/li>\n<\/ol>\n<p>* Administrator zastrzega sobie zmiany w regulaminie w dowolnym momencie bez podania powodu zmiany.<\/p>\n","protected":false},"excerpt":{"rendered":"<p>Lubie, gdy mnie g\u0142aszczesz czystymi r\u0119kami &#8211; umyj r\u0119ce p\u0142ynem antybakteryjnym. Odwie\u015b sw\u00f3j p\u0142aszcz na wieszak, bo lubi\u0119 zaznacza\u0107 sw\u00f3j teren. Wiem, \u017ce jestem gwiazd\u0105, ale nie lubi\u0119 b\u0142ysku fleszy &#8211; nie u\u017cywaj lampy b\u0142yskowej. Czasem lubi\u0119 poby\u0107 sam, nie wyci\u0105gaj mnie z budki. Twoje kolana mog\u0105 sta\u0107 si\u0119 moim [&hellip;]<\/p>\n","protected":false},"author":1,"featured_media":0,"parent":0,"menu_order":0,"comment_status":"open","ping_status":"open","template":"","meta":{"footnotes":""},"class_list":["post-142","page","type-page","status-publish","hentry"],"yoast_head":"<!-- This site is optimized with the Yoast SEO plugin v26.2 - https:\/\/yoast.com\/wordpress\/plugins\/seo\/ -->\n<title>REGULAMIN - &quot;Kocia Kawiarnia Kociarnia&quot; Krak\u00f3w<\/title>\n<meta name=\"robots\" content=\"index, follow, max-snippet:-1, max-image-preview:large, max-video-preview:-1\" \/>\n<link rel=\"canonical\" href=\"https:\/\/kociakawiarniakrakow.pl\/lubicz\/regulamin\/\" \/>\n<meta property=\"og:locale\" content=\"pl_PL\" \/>\n<meta property=\"og:type\" content=\"article\" \/>\n<meta property=\"og:title\" content=\"REGULAMIN - &quot;Kocia Kawiarnia Kociarnia&quot; Krak\u00f3w\" \/>\n<meta property=\"og:description\" content=\"Lubie, gdy mnie g\u0142aszczesz czystymi r\u0119kami &#8211; umyj r\u0119ce p\u0142ynem antybakteryjnym. Odwie\u015b sw\u00f3j p\u0142aszcz na wieszak, bo lubi\u0119 zaznacza\u0107 sw\u00f3j teren. Wiem, \u017ce jestem gwiazd\u0105, ale nie lubi\u0119 b\u0142ysku fleszy &#8211; nie u\u017cywaj lampy b\u0142yskowej. Czasem lubi\u0119 poby\u0107 sam, nie wyci\u0105gaj mnie z budki. Twoje kolana mog\u0105 sta\u0107 si\u0119 moim [&hellip;]\" \/>\n<meta property=\"og:url\" content=\"https:\/\/kociakawiarniakrakow.pl\/lubicz\/regulamin\/\" \/>\n<meta property=\"og:site_name\" content=\"&quot;Kocia Kawiarnia Kociarnia&quot; Krak\u00f3w\" \/>\n<meta property=\"article:publisher\" content=\"https:\/\/www.facebook.com\/Kocia-Kawiarnia-Kociarnia-594557637354587\/\" \/>\n<meta property=\"article:modified_time\" content=\"2015-07-12T19:07:36+00:00\" \/>\n<meta name=\"twitter:card\" content=\"summary_large_image\" \/>\n<meta name=\"twitter:label1\" content=\"Szacowany czas czytania\" \/>\n\t<meta name=\"twitter:data1\" content=\"1 minuta\" \/>\n<script type=\"application\/ld+json\" class=\"yoast-schema-graph\">{\"@context\":\"https:\/\/schema.org\",\"@graph\":[{\"@type\":\"WebPage\",\"@id\":\"https:\/\/kociakawiarniakrakow.pl\/lubicz\/regulamin\/\",\"url\":\"https:\/\/kociakawiarniakrakow.pl\/lubicz\/regulamin\/\",\"name\":\"REGULAMIN - &quot;Kocia Kawiarnia Kociarnia&quot; Krak\u00f3w\",\"isPartOf\":{\"@id\":\"https:\/\/kociakawiarniakrakow.pl\/lubicz\/#website\"},\"datePublished\":\"2015-07-12T18:24:04+00:00\",\"dateModified\":\"2015-07-12T19:07:36+00:00\",\"breadcrumb\":{\"@id\":\"https:\/\/kociakawiarniakrakow.pl\/lubicz\/regulamin\/#breadcrumb\"},\"inLanguage\":\"pl-PL\",\"potentialAction\":[{\"@type\":\"ReadAction\",\"target\":[\"https:\/\/kociakawiarniakrakow.pl\/lubicz\/regulamin\/\"]}]},{\"@type\":\"BreadcrumbList\",\"@id\":\"https:\/\/kociakawiarniakrakow.pl\/lubicz\/regulamin\/#breadcrumb\",\"itemListElement\":[{\"@type\":\"ListItem\",\"position\":1,\"name\":\"Strona g\u0142\u00f3wna\",\"item\":\"https:\/\/kociakawiarniakrakow.pl\/lubicz\/\"},{\"@type\":\"ListItem\",\"position\":2,\"name\":\"REGULAMIN\"}]},{\"@type\":\"WebSite\",\"@id\":\"https:\/\/kociakawiarniakrakow.pl\/lubicz\/#website\",\"url\":\"https:\/\/kociakawiarniakrakow.pl\/lubicz\/\",\"name\":\"&quot;Kocia Kawiarnia Kociarnia&quot; Krak\u00f3w\",\"description\":\"Pierwsza kocia kawiarnia w Polsce! Odwied\u017a nas i wypij pyszn\u0105 kaw\u0119 z kotem!\",\"publisher\":{\"@id\":\"https:\/\/kociakawiarniakrakow.pl\/lubicz\/#organization\"},\"potentialAction\":[{\"@type\":\"SearchAction\",\"target\":{\"@type\":\"EntryPoint\",\"urlTemplate\":\"https:\/\/kociakawiarniakrakow.pl\/lubicz\/?s={search_term_string}\"},\"query-input\":{\"@type\":\"PropertyValueSpecification\",\"valueRequired\":true,\"valueName\":\"search_term_string\"}}],\"inLanguage\":\"pl-PL\"},{\"@type\":\"Organization\",\"@id\":\"https:\/\/kociakawiarniakrakow.pl\/lubicz\/#organization\",\"name\":\"Kocia Kawiarnia Kociarnia\",\"url\":\"https:\/\/kociakawiarniakrakow.pl\/lubicz\/\",\"logo\":{\"@type\":\"ImageObject\",\"inLanguage\":\"pl-PL\",\"@id\":\"https:\/\/kociakawiarniakrakow.pl\/lubicz\/#\/schema\/logo\/image\/\",\"url\":\"https:\/\/kociakawiarniakrakow.pl\/lubicz\/wp-content\/uploads\/2021\/10\/cropped-cropped-logo-wybrane-wektory-1.png\",\"contentUrl\":\"https:\/\/kociakawiarniakrakow.pl\/lubicz\/wp-content\/uploads\/2021\/10\/cropped-cropped-logo-wybrane-wektory-1.png\",\"width\":2000,\"height\":1953,\"caption\":\"Kocia Kawiarnia Kociarnia\"},\"image\":{\"@id\":\"https:\/\/kociakawiarniakrakow.pl\/lubicz\/#\/schema\/logo\/image\/\"},\"sameAs\":[\"https:\/\/www.facebook.com\/Kocia-Kawiarnia-Kociarnia-594557637354587\/\"]}]}<\/script>\n<!-- \/ Yoast SEO plugin. -->","yoast_head_json":{"title":"REGULAMIN - &quot;Kocia Kawiarnia Kociarnia&quot; Krak\u00f3w","robots":{"index":"index","follow":"follow","max-snippet":"max-snippet:-1","max-image-preview":"max-image-preview:large","max-video-preview":"max-video-preview:-1"},"canonical":"https:\/\/kociakawiarniakrakow.pl\/lubicz\/regulamin\/","og_locale":"pl_PL","og_type":"article","og_title":"REGULAMIN - &quot;Kocia Kawiarnia Kociarnia&quot; Krak\u00f3w","og_description":"Lubie, gdy mnie g\u0142aszczesz czystymi r\u0119kami &#8211; umyj r\u0119ce p\u0142ynem antybakteryjnym. Odwie\u015b sw\u00f3j p\u0142aszcz na wieszak, bo lubi\u0119 zaznacza\u0107 sw\u00f3j teren. Wiem, \u017ce jestem gwiazd\u0105, ale nie lubi\u0119 b\u0142ysku fleszy &#8211; nie u\u017cywaj lampy b\u0142yskowej. Czasem lubi\u0119 poby\u0107 sam, nie wyci\u0105gaj mnie z budki. Twoje kolana mog\u0105 sta\u0107 si\u0119 moim [&hellip;]","og_url":"https:\/\/kociakawiarniakrakow.pl\/lubicz\/regulamin\/","og_site_name":"&quot;Kocia Kawiarnia Kociarnia&quot; Krak\u00f3w","article_publisher":"https:\/\/www.facebook.com\/Kocia-Kawiarnia-Kociarnia-594557637354587\/","article_modified_time":"2015-07-12T19:07:36+00:00","twitter_card":"summary_large_image","twitter_misc":{"Szacowany czas czytania":"1 minuta"},"schema":{"@context":"https:\/\/schema.org","@graph":[{"@type":"WebPage","@id":"https:\/\/kociakawiarniakrakow.pl\/lubicz\/regulamin\/","url":"https:\/\/kociakawiarniakrakow.pl\/lubicz\/regulamin\/","name":"REGULAMIN - &quot;Kocia Kawiarnia Kociarnia&quot; Krak\u00f3w","isPartOf":{"@id":"https:\/\/kociakawiarniakrakow.pl\/lubicz\/#website"},"datePublished":"2015-07-12T18:24:04+00:00","dateModified":"2015-07-12T19:07:36+00:00","breadcrumb":{"@id":"https:\/\/kociakawiarniakrakow.pl\/lubicz\/regulamin\/#breadcrumb"},"inLanguage":"pl-PL","potentialAction":[{"@type":"ReadAction","target":["https:\/\/kociakawiarniakrakow.pl\/lubicz\/regulamin\/"]}]},{"@type":"BreadcrumbList","@id":"https:\/\/kociakawiarniakrakow.pl\/lubicz\/regulamin\/#breadcrumb","itemListElement":[{"@type":"ListItem","position":1,"name":"Strona g\u0142\u00f3wna","item":"https:\/\/kociakawiarniakrakow.pl\/lubicz\/"},{"@type":"ListItem","position":2,"name":"REGULAMIN"}]},{"@type":"WebSite","@id":"https:\/\/kociakawiarniakrakow.pl\/lubicz\/#website","url":"https:\/\/kociakawiarniakrakow.pl\/lubicz\/","name":"&quot;Kocia Kawiarnia Kociarnia&quot; Krak\u00f3w","description":"Pierwsza kocia kawiarnia w Polsce! Odwied\u017a nas i wypij pyszn\u0105 kaw\u0119 z kotem!","publisher":{"@id":"https:\/\/kociakawiarniakrakow.pl\/lubicz\/#organization"},"potentialAction":[{"@type":"SearchAction","target":{"@type":"EntryPoint","urlTemplate":"https:\/\/kociakawiarniakrakow.pl\/lubicz\/?s={search_term_string}"},"query-input":{"@type":"PropertyValueSpecification","valueRequired":true,"valueName":"search_term_string"}}],"inLanguage":"pl-PL"},{"@type":"Organization","@id":"https:\/\/kociakawiarniakrakow.pl\/lubicz\/#organization","name":"Kocia Kawiarnia Kociarnia","url":"https:\/\/kociakawiarniakrakow.pl\/lubicz\/","logo":{"@type":"ImageObject","inLanguage":"pl-PL","@id":"https:\/\/kociakawiarniakrakow.pl\/lubicz\/#\/schema\/logo\/image\/","url":"https:\/\/kociakawiarniakrakow.pl\/lubicz\/wp-content\/uploads\/2021\/10\/cropped-cropped-logo-wybrane-wektory-1.png","contentUrl":"https:\/\/kociakawiarniakrakow.pl\/lubicz\/wp-content\/uploads\/2021\/10\/cropped-cropped-logo-wybrane-wektory-1.png","width":2000,"height":1953,"caption":"Kocia Kawiarnia Kociarnia"},"image":{"@id":"https:\/\/kociakawiarniakrakow.pl\/lubicz\/#\/schema\/logo\/image\/"},"sameAs":["https:\/\/www.facebook.com\/Kocia-Kawiarnia-Kociarnia-594557637354587\/"]}]}},"_links":{"self":[{"href":"https:\/\/kociakawiarniakrakow.pl\/lubicz\/wp-json\/wp\/v2\/pages\/142","targetHints":{"allow":["GET"]}}],"collection":[{"href":"https:\/\/kociakawiarniakrakow.pl\/lubicz\/wp-json\/wp\/v2\/pages"}],"about":[{"href":"https:\/\/kociakawiarniakrakow.pl\/lubicz\/wp-json\/wp\/v2\/types\/page"}],"author":[{"embeddable":true,"href":"https:\/\/kociakawiarniakrakow.pl\/lubicz\/wp-json\/wp\/v2\/users\/1"}],"replies":[{"embeddable":true,"href":"https:\/\/kociakawiarniakrakow.pl\/lubicz\/wp-json\/wp\/v2\/comments?post=142"}],"version-history":[{"count":0,"href":"https:\/\/kociakawiarniakrakow.pl\/lubicz\/wp-json\/wp\/v2\/pages\/142\/revisions"}],"wp:attachment":[{"href":"https:\/\/kociakawiarniakrakow.pl\/lubicz\/wp-json\/wp\/v2\/media?parent=142"}],"curies":[{"name":"wp","href":"https:\/\/api.w.org\/{rel}","templated":true}]}}